{"id":159,"date":"2015-04-06T07:55:10","date_gmt":"2015-04-06T11:55:10","guid":{"rendered":"http:\/\/gocoaching.ca\/?page_id=159"},"modified":"2026-03-07T05:45:13","modified_gmt":"2026-03-07T10:45:13","slug":"biographie-2","status":"publish","type":"page","link":"https:\/\/gocoaching.ca\/en\/biographie-2\/","title":{"rendered":"Biographie"},"content":{"rendered":"<div class=\"vc_row wpb_row vc_row-fluid\"><div class=\"wpb_column vc_column_container vc_col-sm-4\"><div class=\"vc_column-inner\"><div class=\"wpb_wrapper\"><div class=\"vc_empty_space\"   style=\"height: 100px\"><span class=\"vc_empty_space_inner\"><\/span><\/div>\n\t<div  class=\"wpb_single_image wpb_content_element vc_align_right\">\n\t\t\n\t\t<figure class=\"wpb_wrapper vc_figure\">\n\t\t\t<div class=\"vc_single_image-wrapper   vc_box_border_grey\"><img loading=\"lazy\" decoding=\"async\" width=\"854\" height=\"624\" src=\"https:\/\/gocoaching.ca\/wp-content\/uploads\/2019\/07\/Signature-OG2.jpg\" class=\"vc_single_image-img attachment-full\" alt=\"Olivier Gu\u00e9rin\" srcset=\"https:\/\/gocoaching.ca\/wp-content\/uploads\/2019\/07\/Signature-OG2.jpg 854w, https:\/\/gocoaching.ca\/wp-content\/uploads\/2019\/07\/Signature-OG2-400x292.jpg 400w, https:\/\/gocoaching.ca\/wp-content\/uploads\/2019\/07\/Signature-OG2-300x219.jpg 300w, https:\/\/gocoaching.ca\/wp-content\/uploads\/2019\/07\/Signature-OG2-768x561.jpg 768w\" sizes=\"auto, (max-width: 854px) 100vw, 854px\" \/><\/div>\n\t\t<\/figure>\n\t<\/div>\n<\/div><\/div><\/div><div class=\"wpb_column vc_column_container vc_col-sm-4\"><div class=\"vc_column-inner\"><div class=\"wpb_wrapper\"><h2 style=\"font-size: 40px;color: #ffffff;text-align: left;font-family:Roboto;font-weight:300;font-style:normal\" class=\"vc_custom_heading vc_custom_1639697240761\" >Expertise<\/h2><div class=\"vc_empty_space\"   style=\"height: 20px\"><span class=\"vc_empty_space_inner\"><\/span><\/div><div  class=\"vc_wp_text wpb_content_element\"><div class=\"widget widget_text\">\t\t\t<div class=\"textwidget\"><h3><span style=\"font-family: arial, helvetica, sans-serif; font-size: 18pt;\"><strong>Coach professionnel certifi\u00e9 en PNL, consultant en Gestion du Changement et auteur<\/strong>, Olivier Gu\u00e9rin intervient en mobilisation du capital humain aupr\u00e8s des gestionnaires et des ex\u00e9cutifs dans le d\u00e9veloppement de leurs habilet\u00e9s de Leadership. <\/span><\/h3>\n<h3><span style=\"font-family: arial, helvetica, sans-serif; font-size: 18pt;\">Avec <strong>plus de 20 ann\u00e9es d&rsquo;exp\u00e9rience<\/strong> dans le domaine corporatif, sa connaissance des dynamiques et des enjeux relationnels au sein des organisations lui permettent d\u2019identifier rapidement les axes d\u2019am\u00e9lioration propices \u00e0 des r\u00e9sultats concrets et p\u00e9rennes. <\/span><\/h3>\n<h3><span style=\"font-family: arial, helvetica, sans-serif; font-size: 18pt;\">Alliant savoir-faire et savoir \u00eatre, il intervient aussi aupr\u00e8s des \u00e9quipes pour renforcer la convergence de leurs talents vers une meilleure performance, saine et durable. <\/span><\/h3>\n<h3><span style=\"font-family: arial, helvetica, sans-serif; font-size: 18pt;\">Passionate about the contributions of the playful approach in terms of learning and integration, in each of his interventions, he brings co-creativity and humour which allows clients to reconcile quick results with a real pleasure in the effort of change. <\/span><\/h3>\n<h3><span style=\"font-family: arial, helvetica, sans-serif; font-size: 18pt;\"><strong>An excellent popularizer, he knows how to transform theoretical concepts into practical applications.<\/strong>\u00a0<\/span><\/h3>\n<\/div>\n\t\t<\/div><\/div><\/div><\/div><\/div><div class=\"wpb_column vc_column_container vc_col-sm-4\"><div class=\"vc_column-inner\"><div class=\"wpb_wrapper\"><h2 style=\"font-size: 40px;color: #ffffff;text-align: left;font-family:Roboto;font-weight:300;font-style:normal\" class=\"vc_custom_heading vc_custom_1639697249473\" >Core Values<\/h2><div class=\"vc_empty_space\"   style=\"height: 25px\"><span class=\"vc_empty_space_inner\"><\/span><\/div>\n\t<div class=\"wpb_text_column wpb_content_element\" >\n\t\t<div class=\"wpb_wrapper\">\n\t\t\t<ul>\n<li>\n<h3><span style=\"font-family: arial, helvetica, sans-serif; font-size: 18pt;\">Active listening<\/span><\/h3>\n<\/li>\n<li>\n<h3><span style=\"font-family: arial, helvetica, sans-serif; font-size: 18pt;\">Perspicacit\u00e9<\/span><\/h3>\n<\/li>\n<li>\n<h3><span style=\"font-family: arial, helvetica, sans-serif; font-size: 18pt;\">Co-creativity<\/span><\/h3>\n<\/li>\n<li>\n<h3><span style=\"font-family: arial, helvetica, sans-serif; font-size: 18pt;\">Integrity<\/span><\/h3>\n<\/li>\n<li>\n<h3><span style=\"font-family: arial, helvetica, sans-serif; font-size: 18pt;\">Effectiveness<\/span><\/h3>\n<\/li>\n<\/ul>\n\n\t\t<\/div>\n\t<\/div>\n<div class=\"vc_empty_space\"   style=\"height: 60px\"><span class=\"vc_empty_space_inner\"><\/span><\/div><h2 style=\"font-size: 40px;color: #ffffff;text-align: left;font-family:Roboto;font-weight:300;font-style:normal\" class=\"vc_custom_heading vc_custom_1639697257919\" >Last book published<\/h2>\n\t<div  class=\"wpb_single_image wpb_content_element vc_align_left\">\n\t\t\n\t\t<figure class=\"wpb_wrapper vc_figure\">\n\t\t\t<a href=\"https:\/\/gocoaching.ca\/en\/livres-publies\/\" target=\"_self\" class=\"vc_single_image-wrapper   vc_box_border_grey\"><img loading=\"lazy\" decoding=\"async\" class=\"vc_single_image-img\" src=\"https:\/\/gocoaching.ca\/wp-content\/uploads\/2025\/10\/Leadership-Resonance-couverture-complete-MKT-scaled-570x320.jpg\" width=\"570\" height=\"320\" alt=\"Leadership &amp; R\u00e9sonance couverture compl\u00e8te MKT\" title=\"Leadership &amp; R\u00e9sonance couverture compl\u00e8te MKT\" \/><\/a>\n\t\t<\/figure>\n\t<\/div>\n<\/div><\/div><\/div><\/div><div class=\"vc_row wpb_row vc_row-fluid\"><div class=\"wpb_column vc_column_container vc_col-sm-8\"><div class=\"vc_column-inner\"><div class=\"wpb_wrapper\"><h2 style=\"font-size: 40px;color: #ffffff;text-align: left;font-family:Roboto;font-weight:300;font-style:normal\" class=\"vc_custom_heading vc_custom_1639697268303\" >Social contribution<\/h2><div  class=\"vc_wp_text wpb_content_element\"><div class=\"widget widget_text\">\t\t\t<div class=\"textwidget\"><h3><span style=\"font-family: arial, helvetica, sans-serif; font-size: 18pt;\">En 2013,\u00a0 Olivier Gu\u00e9rin a fond\u00e9 Coaching \u00c9quitable ; un regroupement international de coachs professionnels \u00e0 vocation communautaire pour offrir du coaching aux personnes \u00e0 moindre revenu.<\/span><\/h3>\n<\/div>\n\t\t<\/div><\/div><div class=\"vc_empty_space\"   style=\"height: 30px\"><span class=\"vc_empty_space_inner\"><\/span><\/div><div class=\"vc_empty_space\"   style=\"height: 30px\"><span class=\"vc_empty_space_inner\"><\/span><\/div><\/div><\/div><\/div><div class=\"wpb_column vc_column_container vc_col-sm-4\"><div class=\"vc_column-inner\"><div class=\"wpb_wrapper\"><\/div><\/div><\/div><\/div>","protected":false},"excerpt":{"rendered":"Expertise Coach professionnel certifi\u00e9 en PNL, consultant en Gestion du Changement et auteur, Olivier Gu\u00e9rin intervient en mobilisation du capital","protected":false},"author":3,"featured_media":4993,"parent":0,"menu_order":0,"comment_status":"closed","ping_status":"closed","template":"page-FullWidth.php","meta":{"footnotes":""},"class_list":["post-159","page","type-page","status-publish","has-post-thumbnail","hentry"],"yoast_head":"<!-- This site is optimized with the Yoast SEO plugin v27.4 - https:\/\/yoast.com\/product\/yoast-seo-wordpress\/ -->\n<title>Olivier Gu\u00e9rin coaching professionnel, exp\u00e9rience et expertise,<\/title>\n<meta name=\"description\" content=\"Olivier Gu\u00e9rin, coach professionnel, conf\u00e9rencier, formateur, auteur et instructeur de m\u00e9ditation pleine conscience, vision et valeurs\" \/>\n<meta name=\"robots\" content=\"index, follow, max-snippet:-1, max-image-preview:large, max-video-preview:-1\" \/>\n<link rel=\"canonical\" href=\"https:\/\/gocoaching.ca\/en\/biographie-2\/\" \/>\n<meta property=\"og:locale\" content=\"en_US\" \/>\n<meta property=\"og:type\" content=\"article\" \/>\n<meta property=\"og:title\" content=\"Olivier Gu\u00e9rin coaching professionnel, exp\u00e9rience et expertise,\" \/>\n<meta property=\"og:description\" content=\"Olivier Gu\u00e9rin, coach professionnel, conf\u00e9rencier, formateur, auteur et instructeur de m\u00e9ditation pleine conscience, vision et valeurs\" \/>\n<meta property=\"og:url\" content=\"https:\/\/gocoaching.ca\/en\/biographie-2\/\" \/>\n<meta property=\"og:site_name\" content=\"GO COACHING\" \/>\n<meta property=\"article:publisher\" content=\"https:\/\/www.facebook.com\/pages\/Olivier-Gu%c3%a9rin-coach-conf%c3%a9rencier-auteur\/1597565597123876?ref=hl\" \/>\n<meta property=\"article:modified_time\" content=\"2026-03-07T10:45:13+00:00\" \/>\n<meta property=\"og:image\" content=\"https:\/\/gocoaching.ca\/wp-content\/uploads\/2016\/10\/Olivier-Gu\u00e9rin-d\u00e9tour\u00e9-2016_01_24-14_22_33-UTC.jpg\" \/>\n\t<meta property=\"og:image:width\" content=\"513\" \/>\n\t<meta property=\"og:image:height\" content=\"659\" \/>\n\t<meta property=\"og:image:type\" content=\"image\/jpeg\" \/>\n<meta name=\"twitter:label1\" content=\"Est. reading time\" \/>\n\t<meta name=\"twitter:data1\" content=\"2 minutes\" \/>\n<script type=\"application\/ld+json\" class=\"yoast-schema-graph\">{\"@context\":\"https:\\\/\\\/schema.org\",\"@graph\":[{\"@type\":\"WebPage\",\"@id\":\"https:\\\/\\\/gocoaching.ca\\\/biographie-2\\\/\",\"url\":\"https:\\\/\\\/gocoaching.ca\\\/biographie-2\\\/\",\"name\":\"Olivier Gu\u00e9rin coaching professionnel, exp\u00e9rience et expertise,\",\"isPartOf\":{\"@id\":\"https:\\\/\\\/gocoaching.ca\\\/#website\"},\"primaryImageOfPage\":{\"@id\":\"https:\\\/\\\/gocoaching.ca\\\/biographie-2\\\/#primaryimage\"},\"image\":{\"@id\":\"https:\\\/\\\/gocoaching.ca\\\/biographie-2\\\/#primaryimage\"},\"thumbnailUrl\":\"https:\\\/\\\/gocoaching.ca\\\/wp-content\\\/uploads\\\/2016\\\/10\\\/Olivier-Gu\u00e9rin-d\u00e9tour\u00e9-2016_01_24-14_22_33-UTC.jpg\",\"datePublished\":\"2015-04-06T11:55:10+00:00\",\"dateModified\":\"2026-03-07T10:45:13+00:00\",\"description\":\"Olivier Gu\u00e9rin, coach professionnel, conf\u00e9rencier, formateur, auteur et instructeur de m\u00e9ditation pleine conscience, vision et valeurs\",\"breadcrumb\":{\"@id\":\"https:\\\/\\\/gocoaching.ca\\\/biographie-2\\\/#breadcrumb\"},\"inLanguage\":\"en-US\",\"potentialAction\":[{\"@type\":\"ReadAction\",\"target\":[\"https:\\\/\\\/gocoaching.ca\\\/biographie-2\\\/\"]}]},{\"@type\":\"ImageObject\",\"inLanguage\":\"en-US\",\"@id\":\"https:\\\/\\\/gocoaching.ca\\\/biographie-2\\\/#primaryimage\",\"url\":\"https:\\\/\\\/gocoaching.ca\\\/wp-content\\\/uploads\\\/2016\\\/10\\\/Olivier-Gu\u00e9rin-d\u00e9tour\u00e9-2016_01_24-14_22_33-UTC.jpg\",\"contentUrl\":\"https:\\\/\\\/gocoaching.ca\\\/wp-content\\\/uploads\\\/2016\\\/10\\\/Olivier-Gu\u00e9rin-d\u00e9tour\u00e9-2016_01_24-14_22_33-UTC.jpg\",\"width\":513,\"height\":659},{\"@type\":\"BreadcrumbList\",\"@id\":\"https:\\\/\\\/gocoaching.ca\\\/biographie-2\\\/#breadcrumb\",\"itemListElement\":[{\"@type\":\"ListItem\",\"position\":1,\"name\":\"Accueil\",\"item\":\"https:\\\/\\\/gocoaching.ca\\\/\"},{\"@type\":\"ListItem\",\"position\":2,\"name\":\"Biographie\"}]},{\"@type\":\"WebSite\",\"@id\":\"https:\\\/\\\/gocoaching.ca\\\/#website\",\"url\":\"https:\\\/\\\/gocoaching.ca\\\/\",\"name\":\"Olivier Gu\u00e9rin Coaching\",\"description\":\"\",\"publisher\":{\"@id\":\"https:\\\/\\\/gocoaching.ca\\\/#organization\"},\"potentialAction\":[{\"@type\":\"SearchAction\",\"target\":{\"@type\":\"EntryPoint\",\"urlTemplate\":\"https:\\\/\\\/gocoaching.ca\\\/?s={search_term_string}\"},\"query-input\":{\"@type\":\"PropertyValueSpecification\",\"valueRequired\":true,\"valueName\":\"search_term_string\"}}],\"inLanguage\":\"en-US\"},{\"@type\":\"Organization\",\"@id\":\"https:\\\/\\\/gocoaching.ca\\\/#organization\",\"name\":\"Olivier Gu\u00e9rin Coaching\",\"url\":\"https:\\\/\\\/gocoaching.ca\\\/\",\"logo\":{\"@type\":\"ImageObject\",\"inLanguage\":\"en-US\",\"@id\":\"https:\\\/\\\/gocoaching.ca\\\/#\\\/schema\\\/logo\\\/image\\\/\",\"url\":\"https:\\\/\\\/gocoaching.ca\\\/wp-content\\\/uploads\\\/2019\\\/08\\\/OGC-Logo4.gif\",\"contentUrl\":\"https:\\\/\\\/gocoaching.ca\\\/wp-content\\\/uploads\\\/2019\\\/08\\\/OGC-Logo4.gif\",\"width\":540,\"height\":180,\"caption\":\"Olivier Gu\u00e9rin Coaching\"},\"image\":{\"@id\":\"https:\\\/\\\/gocoaching.ca\\\/#\\\/schema\\\/logo\\\/image\\\/\"},\"sameAs\":[\"https:\\\/\\\/www.facebook.com\\\/pages\\\/Olivier-Gu\u00e9rin-coach-conf\u00e9rencier-auteur\\\/1597565597123876?ref=hl\",\"https:\\\/\\\/x.com\\\/VifOrange\",\"https:\\\/\\\/www.linkedin.com\\\/profile\\\/view?id=15036118&amp;amp;amp;trk=nav_responsive_tab_profile\",\"https:\\\/\\\/www.youtube.com\\\/channel\\\/UCJpshVSibk6eNTjcp_7xcsQ\"]}]}<\/script>\n<!-- \/ Yoast SEO plugin. -->","yoast_head_json":{"title":"Olivier Gu\u00e9rin coaching professionnel, exp\u00e9rience et expertise,","description":"Olivier Gu\u00e9rin, coach professionnel, conf\u00e9rencier, formateur, auteur et instructeur de m\u00e9ditation pleine conscience, vision et valeurs","robots":{"index":"index","follow":"follow","max-snippet":"max-snippet:-1","max-image-preview":"max-image-preview:large","max-video-preview":"max-video-preview:-1"},"canonical":"https:\/\/gocoaching.ca\/en\/biographie-2\/","og_locale":"en_US","og_type":"article","og_title":"Olivier Gu\u00e9rin coaching professionnel, exp\u00e9rience et expertise,","og_description":"Olivier Gu\u00e9rin, coach professionnel, conf\u00e9rencier, formateur, auteur et instructeur de m\u00e9ditation pleine conscience, vision et valeurs","og_url":"https:\/\/gocoaching.ca\/en\/biographie-2\/","og_site_name":"GO COACHING","article_publisher":"https:\/\/www.facebook.com\/pages\/Olivier-Gu%c3%a9rin-coach-conf%c3%a9rencier-auteur\/1597565597123876?ref=hl","article_modified_time":"2026-03-07T10:45:13+00:00","og_image":[{"width":513,"height":659,"url":"https:\/\/gocoaching.ca\/wp-content\/uploads\/2016\/10\/Olivier-Gu\u00e9rin-d\u00e9tour\u00e9-2016_01_24-14_22_33-UTC.jpg","type":"image\/jpeg"}],"twitter_misc":{"Est. reading time":"2 minutes"},"schema":{"@context":"https:\/\/schema.org","@graph":[{"@type":"WebPage","@id":"https:\/\/gocoaching.ca\/biographie-2\/","url":"https:\/\/gocoaching.ca\/biographie-2\/","name":"Olivier Gu\u00e9rin coaching professionnel, exp\u00e9rience et expertise,","isPartOf":{"@id":"https:\/\/gocoaching.ca\/#website"},"primaryImageOfPage":{"@id":"https:\/\/gocoaching.ca\/biographie-2\/#primaryimage"},"image":{"@id":"https:\/\/gocoaching.ca\/biographie-2\/#primaryimage"},"thumbnailUrl":"https:\/\/gocoaching.ca\/wp-content\/uploads\/2016\/10\/Olivier-Gu\u00e9rin-d\u00e9tour\u00e9-2016_01_24-14_22_33-UTC.jpg","datePublished":"2015-04-06T11:55:10+00:00","dateModified":"2026-03-07T10:45:13+00:00","description":"Olivier Gu\u00e9rin, coach professionnel, conf\u00e9rencier, formateur, auteur et instructeur de m\u00e9ditation pleine conscience, vision et valeurs","breadcrumb":{"@id":"https:\/\/gocoaching.ca\/biographie-2\/#breadcrumb"},"inLanguage":"en-US","potentialAction":[{"@type":"ReadAction","target":["https:\/\/gocoaching.ca\/biographie-2\/"]}]},{"@type":"ImageObject","inLanguage":"en-US","@id":"https:\/\/gocoaching.ca\/biographie-2\/#primaryimage","url":"https:\/\/gocoaching.ca\/wp-content\/uploads\/2016\/10\/Olivier-Gu\u00e9rin-d\u00e9tour\u00e9-2016_01_24-14_22_33-UTC.jpg","contentUrl":"https:\/\/gocoaching.ca\/wp-content\/uploads\/2016\/10\/Olivier-Gu\u00e9rin-d\u00e9tour\u00e9-2016_01_24-14_22_33-UTC.jpg","width":513,"height":659},{"@type":"BreadcrumbList","@id":"https:\/\/gocoaching.ca\/biographie-2\/#breadcrumb","itemListElement":[{"@type":"ListItem","position":1,"name":"Accueil","item":"https:\/\/gocoaching.ca\/"},{"@type":"ListItem","position":2,"name":"Biographie"}]},{"@type":"WebSite","@id":"https:\/\/gocoaching.ca\/#website","url":"https:\/\/gocoaching.ca\/","name":"Olivier Gu\u00e9rin Coaching","description":"","publisher":{"@id":"https:\/\/gocoaching.ca\/#organization"},"potentialAction":[{"@type":"SearchAction","target":{"@type":"EntryPoint","urlTemplate":"https:\/\/gocoaching.ca\/?s={search_term_string}"},"query-input":{"@type":"PropertyValueSpecification","valueRequired":true,"valueName":"search_term_string"}}],"inLanguage":"en-US"},{"@type":"Organization","@id":"https:\/\/gocoaching.ca\/#organization","name":"Olivier Gu\u00e9rin Coaching","url":"https:\/\/gocoaching.ca\/","logo":{"@type":"ImageObject","inLanguage":"en-US","@id":"https:\/\/gocoaching.ca\/#\/schema\/logo\/image\/","url":"https:\/\/gocoaching.ca\/wp-content\/uploads\/2019\/08\/OGC-Logo4.gif","contentUrl":"https:\/\/gocoaching.ca\/wp-content\/uploads\/2019\/08\/OGC-Logo4.gif","width":540,"height":180,"caption":"Olivier Gu\u00e9rin Coaching"},"image":{"@id":"https:\/\/gocoaching.ca\/#\/schema\/logo\/image\/"},"sameAs":["https:\/\/www.facebook.com\/pages\/Olivier-Gu\u00e9rin-coach-conf\u00e9rencier-auteur\/1597565597123876?ref=hl","https:\/\/x.com\/VifOrange","https:\/\/www.linkedin.com\/profile\/view?id=15036118&amp;amp;amp;trk=nav_responsive_tab_profile","https:\/\/www.youtube.com\/channel\/UCJpshVSibk6eNTjcp_7xcsQ"]}]}},"jetpack_sharing_enabled":true,"_links":{"self":[{"href":"https:\/\/gocoaching.ca\/en\/wp-json\/wp\/v2\/pages\/159","targetHints":{"allow":["GET"]}}],"collection":[{"href":"https:\/\/gocoaching.ca\/en\/wp-json\/wp\/v2\/pages"}],"about":[{"href":"https:\/\/gocoaching.ca\/en\/wp-json\/wp\/v2\/types\/page"}],"author":[{"embeddable":true,"href":"https:\/\/gocoaching.ca\/en\/wp-json\/wp\/v2\/users\/3"}],"replies":[{"embeddable":true,"href":"https:\/\/gocoaching.ca\/en\/wp-json\/wp\/v2\/comments?post=159"}],"version-history":[{"count":1,"href":"https:\/\/gocoaching.ca\/en\/wp-json\/wp\/v2\/pages\/159\/revisions"}],"predecessor-version":[{"id":11603,"href":"https:\/\/gocoaching.ca\/en\/wp-json\/wp\/v2\/pages\/159\/revisions\/11603"}],"wp:featuredmedia":[{"embeddable":true,"href":"https:\/\/gocoaching.ca\/en\/wp-json\/wp\/v2\/media\/4993"}],"wp:attachment":[{"href":"https:\/\/gocoaching.ca\/en\/wp-json\/wp\/v2\/media?parent=159"}],"curies":[{"name":"wp","href":"https:\/\/api.w.org\/{rel}","templated":true}]}}