{"id":2473,"date":"2015-12-01T08:49:07","date_gmt":"2015-12-01T13:49:07","guid":{"rendered":"http:\/\/gocoaching.ca\/?page_id=2473"},"modified":"2026-03-07T05:44:00","modified_gmt":"2026-03-07T10:44:00","slug":"livres-publies","status":"publish","type":"page","link":"https:\/\/gocoaching.ca\/en\/livres-publies\/","title":{"rendered":"Published Books"},"content":{"rendered":"<div class=\"vc_row wpb_row vc_row-fluid\"><div class=\"wpb_column vc_column_container vc_col-sm-2\"><div class=\"vc_column-inner\"><div class=\"wpb_wrapper\"><\/div><\/div><\/div><div class=\"wpb_column vc_column_container vc_col-sm-8\"><div class=\"vc_column-inner\"><div class=\"wpb_wrapper\">\n\t<div  class=\"wpb_single_image wpb_content_element vc_align_center\">\n\t\t\n\t\t<figure class=\"wpb_wrapper vc_figure\">\n\t\t\t<div class=\"vc_single_image-wrapper vc_box_border  vc_box_border_grey\"><img loading=\"lazy\" decoding=\"async\" width=\"2560\" height=\"1856\" src=\"https:\/\/gocoaching.ca\/wp-content\/uploads\/2025\/10\/Leadership-Resonance-couverture-complete-MKT-scaled.jpg\" class=\"vc_single_image-img attachment-full\" alt=\"\" srcset=\"https:\/\/gocoaching.ca\/wp-content\/uploads\/2025\/10\/Leadership-Resonance-couverture-complete-MKT-scaled.jpg 2560w, https:\/\/gocoaching.ca\/wp-content\/uploads\/2025\/10\/Leadership-Resonance-couverture-complete-MKT-300x218.jpg 300w, https:\/\/gocoaching.ca\/wp-content\/uploads\/2025\/10\/Leadership-Resonance-couverture-complete-MKT-1024x743.jpg 1024w, https:\/\/gocoaching.ca\/wp-content\/uploads\/2025\/10\/Leadership-Resonance-couverture-complete-MKT-768x557.jpg 768w, https:\/\/gocoaching.ca\/wp-content\/uploads\/2025\/10\/Leadership-Resonance-couverture-complete-MKT-1536x1114.jpg 1536w, https:\/\/gocoaching.ca\/wp-content\/uploads\/2025\/10\/Leadership-Resonance-couverture-complete-MKT-2048x1485.jpg 2048w, https:\/\/gocoaching.ca\/wp-content\/uploads\/2025\/10\/Leadership-Resonance-couverture-complete-MKT-18x12.jpg 18w, https:\/\/gocoaching.ca\/wp-content\/uploads\/2025\/10\/Leadership-Resonance-couverture-complete-MKT-400x290.jpg 400w\" sizes=\"auto, (max-width: 2560px) 100vw, 2560px\" \/><\/div>\n\t\t<\/figure>\n\t<\/div>\n<\/div><\/div><\/div><div class=\"wpb_column vc_column_container vc_col-sm-2\"><div class=\"vc_column-inner\"><div class=\"wpb_wrapper\"><\/div><\/div><\/div><div class=\"wpb_column vc_column_container vc_col-sm-12\"><div class=\"vc_column-inner\"><div class=\"wpb_wrapper\"><\/div><\/div><\/div><\/div><div class=\"vc_row wpb_row vc_row-fluid\"><div class=\"wpb_column vc_column_container vc_col-sm-12\"><div class=\"vc_column-inner\"><div class=\"wpb_wrapper\"><div class=\"vc_empty_space\"   style=\"height: 150px\"><span class=\"vc_empty_space_inner\"><\/span><\/div><\/div><\/div><\/div><\/div><div class=\"vc_row wpb_row vc_row-fluid\"><div class=\"wpb_column vc_column_container vc_col-sm-2\"><div class=\"vc_column-inner\"><div class=\"wpb_wrapper\"><\/div><\/div><\/div><div class=\"wpb_column vc_column_container vc_col-sm-8\"><div class=\"vc_column-inner\"><div class=\"wpb_wrapper\">\n\t<div  class=\"wpb_single_image wpb_content_element vc_align_center\">\n\t\t\n\t\t<figure class=\"wpb_wrapper vc_figure\">\n\t\t\t<div class=\"vc_single_image-wrapper vc_box_border  vc_box_border_grey\"><img loading=\"lazy\" decoding=\"async\" width=\"2560\" height=\"1873\" src=\"https:\/\/gocoaching.ca\/wp-content\/uploads\/2021\/12\/Mieux-vivre-la-douance_finale-scaled.jpg\" class=\"vc_single_image-img attachment-full\" alt=\"Mieux vivre la douance\" srcset=\"https:\/\/gocoaching.ca\/wp-content\/uploads\/2021\/12\/Mieux-vivre-la-douance_finale-scaled.jpg 2560w, https:\/\/gocoaching.ca\/wp-content\/uploads\/2021\/12\/Mieux-vivre-la-douance_finale-300x220.jpg 300w, https:\/\/gocoaching.ca\/wp-content\/uploads\/2021\/12\/Mieux-vivre-la-douance_finale-1024x749.jpg 1024w, https:\/\/gocoaching.ca\/wp-content\/uploads\/2021\/12\/Mieux-vivre-la-douance_finale-768x562.jpg 768w, https:\/\/gocoaching.ca\/wp-content\/uploads\/2021\/12\/Mieux-vivre-la-douance_finale-1536x1124.jpg 1536w, https:\/\/gocoaching.ca\/wp-content\/uploads\/2021\/12\/Mieux-vivre-la-douance_finale-2048x1499.jpg 2048w, https:\/\/gocoaching.ca\/wp-content\/uploads\/2021\/12\/Mieux-vivre-la-douance_finale-16x12.jpg 16w, https:\/\/gocoaching.ca\/wp-content\/uploads\/2021\/12\/Mieux-vivre-la-douance_finale-400x293.jpg 400w\" sizes=\"auto, (max-width: 2560px) 100vw, 2560px\" \/><\/div>\n\t\t<\/figure>\n\t<\/div>\n<\/div><\/div><\/div><div class=\"wpb_column vc_column_container vc_col-sm-2\"><div class=\"vc_column-inner\"><div class=\"wpb_wrapper\"><\/div><\/div><\/div><div class=\"wpb_column vc_column_container vc_col-sm-12\"><div class=\"vc_column-inner\"><div class=\"wpb_wrapper\"><\/div><\/div><\/div><\/div><div class=\"vc_row wpb_row vc_row-fluid\"><div class=\"wpb_column vc_column_container vc_col-sm-12\"><div class=\"vc_column-inner\"><div class=\"wpb_wrapper\"><div class=\"vc_empty_space\"   style=\"height: 150px\"><span class=\"vc_empty_space_inner\"><\/span><\/div><\/div><\/div><\/div><\/div><div class=\"vc_row wpb_row vc_row-fluid\"><div class=\"wpb_column vc_column_container vc_col-sm-2\"><div class=\"vc_column-inner\"><div class=\"wpb_wrapper\"><\/div><\/div><\/div><div class=\"wpb_column vc_column_container vc_col-sm-8\"><div class=\"vc_column-inner\"><div class=\"wpb_wrapper\">\n\t<div  class=\"wpb_single_image wpb_content_element vc_align_center\">\n\t\t\n\t\t<figure class=\"wpb_wrapper vc_figure\">\n\t\t\t<div class=\"vc_single_image-wrapper vc_box_border  vc_box_border_grey\"><img loading=\"lazy\" decoding=\"async\" width=\"1853\" height=\"1350\" src=\"https:\/\/gocoaching.ca\/wp-content\/uploads\/2019\/07\/La-r\u00e9sonance_12092019_2.jpg\" class=\"vc_single_image-img attachment-full\" alt=\"La R\u00e9sonance\" srcset=\"https:\/\/gocoaching.ca\/wp-content\/uploads\/2019\/07\/La-r\u00e9sonance_12092019_2.jpg 1853w, https:\/\/gocoaching.ca\/wp-content\/uploads\/2019\/07\/La-r\u00e9sonance_12092019_2-400x291.jpg 400w, https:\/\/gocoaching.ca\/wp-content\/uploads\/2019\/07\/La-r\u00e9sonance_12092019_2-300x219.jpg 300w, https:\/\/gocoaching.ca\/wp-content\/uploads\/2019\/07\/La-r\u00e9sonance_12092019_2-768x560.jpg 768w, https:\/\/gocoaching.ca\/wp-content\/uploads\/2019\/07\/La-r\u00e9sonance_12092019_2-1024x746.jpg 1024w\" sizes=\"auto, (max-width: 1853px) 100vw, 1853px\" \/><\/div>\n\t\t<\/figure>\n\t<\/div>\n<\/div><\/div><\/div><div class=\"wpb_column vc_column_container vc_col-sm-2\"><div class=\"vc_column-inner\"><div class=\"wpb_wrapper\"><div class=\"vc_empty_space\"   style=\"height: 330px\"><span class=\"vc_empty_space_inner\"><\/span><\/div>\n\t<div class=\"wpb_video_widget wpb_content_element vc_clearfix   vc_video-aspect-ratio-169 vc_video-el-width-100 vc_video-align-center\" >\n\t\t<div class=\"wpb_wrapper\">\n\t\t\t<h2 class=\"wpb_heading wpb_video_heading\">T\u00e9moignage d&#039;expert<\/h2>\n\t\t\t<div class=\"wpb_video_wrapper\"><iframe loading=\"lazy\" title=\"La r\u00e9sonance : un outil puissant de coaching \u2605 Suggestion de lecture\" width=\"600\" height=\"338\" src=\"https:\/\/www.youtube.com\/embed\/zfhu0Kjg6bI?rel=0&showinfo=0\" frameborder=\"0\" allow=\"accelerometer; autoplay; clipboard-write; encrypted-media; gyroscope; picture-in-picture; web-share\" referrerpolicy=\"strict-origin-when-cross-origin\" allowfullscreen><\/iframe><\/div>\n\t\t<\/div>\n\t<\/div>\n<h2 style=\"text-align: left;font-family:Roboto;font-weight:400;font-style:normal\" class=\"vc_custom_heading vc_custom_1574861656308\" >Version num\u00e9rique du livre disponible partout !<\/h2><h2 style=\"color: #136ebf;text-align: left;font-family:Roboto;font-weight:400;font-style:normal\" class=\"vc_custom_heading\" ><a href=\"https:\/\/www.renaud-bray.com\/Livre_Numerique_Produit.aspx?id=3001730&#038;def=R%c3%a9sonance(La)%2cOLIVIER+GU%c3%89RIN%2c+OLIVIER%2c9782897930790\" title=\"Version Epub de La R\u00e9sonance\">au format Epub<\/a><\/h2><h2 style=\"color: #136ebf;text-align: left;font-family:Roboto;font-weight:400;font-style:normal\" class=\"vc_custom_heading\" ><a href=\"https:\/\/www.amazon.fr\/r%C3%A9sonance-puissant-coachs-d%C3%A9sirent-exceller-ebook\/dp\/B081THZ765\/ref=sr_1_2?__mk_fr_FR=%C3%85M%C3%85%C5%BD%C3%95%C3%91&#038;keywords=resonance+olivier&#038;qid=1574690378&#038;sr=8-2\" title=\"Version Kindle de La R\u00e9sonance\">au format Kindle<\/a><\/h2><\/div><\/div><\/div><\/div><div class=\"vc_row wpb_row vc_row-fluid\"><div class=\"wpb_column vc_column_container vc_col-sm-12\"><div class=\"vc_column-inner\"><div class=\"wpb_wrapper\"><div class=\"vc_empty_space\"   style=\"height: 150px\"><span class=\"vc_empty_space_inner\"><\/span><\/div><\/div><\/div><\/div><\/div><div class=\"vc_row wpb_row vc_row-fluid\"><div class=\"wpb_column vc_column_container vc_col-sm-2\"><div class=\"vc_column-inner\"><div class=\"wpb_wrapper\"><\/div><\/div><\/div><div class=\"wpb_column vc_column_container vc_col-sm-8\"><div class=\"vc_column-inner\"><div class=\"wpb_wrapper\">\n\t<div  class=\"wpb_single_image wpb_content_element vc_align_center\">\n\t\t\n\t\t<figure class=\"wpb_wrapper vc_figure\">\n\t\t\t<div class=\"vc_single_image-wrapper vc_box_border  vc_box_border_grey\"><img loading=\"lazy\" decoding=\"async\" width=\"1772\" height=\"1297\" src=\"https:\/\/gocoaching.ca\/wp-content\/uploads\/2015\/04\/L\u2019\u00e9quilibre-int\u00e9rieur-avec-4eme-couverture3.jpg\" class=\"vc_single_image-img attachment-full\" alt=\"\" srcset=\"https:\/\/gocoaching.ca\/wp-content\/uploads\/2015\/04\/L\u2019\u00e9quilibre-int\u00e9rieur-avec-4eme-couverture3.jpg 1772w, https:\/\/gocoaching.ca\/wp-content\/uploads\/2015\/04\/L\u2019\u00e9quilibre-int\u00e9rieur-avec-4eme-couverture3-400x293.jpg 400w\" sizes=\"auto, (max-width: 1772px) 100vw, 1772px\" \/><\/div>\n\t\t<\/figure>\n\t<\/div>\n<\/div><\/div><\/div><div class=\"wpb_column vc_column_container vc_col-sm-2\"><div class=\"vc_column-inner\"><div class=\"wpb_wrapper\"><div class=\"vc_empty_space\"   style=\"height: 400px\"><span class=\"vc_empty_space_inner\"><\/span><\/div><div  class=\"vc_wp_text wpb_content_element\"><div class=\"widget widget_text\">\t\t\t<div class=\"textwidget\"><p><iframe src=\"https:\/\/www.youtube.com\/embed\/WBgkFtRPzdU?amp;autoplay=0;showinfo=0\" frameborder=\"0\" allowfullscreen=\"allowfullscreen\"><\/iframe><\/p>\n<\/div>\n\t\t<\/div><\/div><\/div><\/div><\/div><\/div>","protected":false},"excerpt":{"rendered":"T\u00e9moignage d&#039;expert Version num\u00e9rique du livre disponible partout !au format Epubau format Kindle","protected":false},"author":3,"featured_media":7862,"parent":0,"menu_order":0,"comment_status":"closed","ping_status":"closed","template":"page-FullWidth.php","meta":{"footnotes":""},"class_list":["post-2473","page","type-page","status-publish","has-post-thumbnail","hentry"],"yoast_head":"<!-- This site is optimized with the Yoast SEO plugin v27.4 - https:\/\/yoast.com\/product\/yoast-seo-wordpress\/ -->\n<title>Livres publi\u00e9s - GO COACHING<\/title>\n<meta name=\"robots\" content=\"index, follow, max-snippet:-1, max-image-preview:large, max-video-preview:-1\" \/>\n<link rel=\"canonical\" href=\"https:\/\/gocoaching.ca\/en\/livres-publies\/\" \/>\n<meta property=\"og:locale\" content=\"en_US\" \/>\n<meta property=\"og:type\" content=\"article\" \/>\n<meta property=\"og:title\" content=\"Le nouveau livre r\u00e9f\u00e9rence pour tous les coachs\" \/>\n<meta property=\"og:description\" content=\"- Pr\u00e9face de Robert Dilts -\" \/>\n<meta property=\"og:url\" content=\"https:\/\/gocoaching.ca\/en\/livres-publies\/\" \/>\n<meta property=\"og:site_name\" content=\"GO COACHING\" \/>\n<meta property=\"article:publisher\" content=\"https:\/\/www.facebook.com\/pages\/Olivier-Gu%c3%a9rin-coach-conf%c3%a9rencier-auteur\/1597565597123876?ref=hl\" \/>\n<meta property=\"article:modified_time\" content=\"2026-03-07T10:44:00+00:00\" \/>\n<meta property=\"og:image\" content=\"https:\/\/gocoaching.ca\/wp-content\/uploads\/2019\/07\/La-r\u00e9sonance_12092019_FBSW.jpg\" \/>\n\t<meta property=\"og:image:width\" content=\"1200\" \/>\n\t<meta property=\"og:image:height\" content=\"630\" \/>\n\t<meta property=\"og:image:type\" content=\"image\/jpeg\" \/>\n<meta name=\"twitter:label1\" content=\"Est. reading time\" \/>\n\t<meta name=\"twitter:data1\" content=\"2 minutes\" \/>\n<script type=\"application\/ld+json\" class=\"yoast-schema-graph\">{\"@context\":\"https:\\\/\\\/schema.org\",\"@graph\":[{\"@type\":\"WebPage\",\"@id\":\"https:\\\/\\\/gocoaching.ca\\\/livres-publies\\\/\",\"url\":\"https:\\\/\\\/gocoaching.ca\\\/livres-publies\\\/\",\"name\":\"Livres publi\u00e9s - GO COACHING\",\"isPartOf\":{\"@id\":\"https:\\\/\\\/gocoaching.ca\\\/#website\"},\"primaryImageOfPage\":{\"@id\":\"https:\\\/\\\/gocoaching.ca\\\/livres-publies\\\/#primaryimage\"},\"image\":{\"@id\":\"https:\\\/\\\/gocoaching.ca\\\/livres-publies\\\/#primaryimage\"},\"thumbnailUrl\":\"https:\\\/\\\/gocoaching.ca\\\/wp-content\\\/uploads\\\/2019\\\/07\\\/La-r\u00e9sonance_12092019_FBSW.jpg\",\"datePublished\":\"2015-12-01T13:49:07+00:00\",\"dateModified\":\"2026-03-07T10:44:00+00:00\",\"breadcrumb\":{\"@id\":\"https:\\\/\\\/gocoaching.ca\\\/livres-publies\\\/#breadcrumb\"},\"inLanguage\":\"en-US\",\"potentialAction\":[{\"@type\":\"ReadAction\",\"target\":[\"https:\\\/\\\/gocoaching.ca\\\/livres-publies\\\/\"]}]},{\"@type\":\"ImageObject\",\"inLanguage\":\"en-US\",\"@id\":\"https:\\\/\\\/gocoaching.ca\\\/livres-publies\\\/#primaryimage\",\"url\":\"https:\\\/\\\/gocoaching.ca\\\/wp-content\\\/uploads\\\/2019\\\/07\\\/La-r\u00e9sonance_12092019_FBSW.jpg\",\"contentUrl\":\"https:\\\/\\\/gocoaching.ca\\\/wp-content\\\/uploads\\\/2019\\\/07\\\/La-r\u00e9sonance_12092019_FBSW.jpg\",\"width\":1200,\"height\":630,\"caption\":\"La R\u00e9sonance\"},{\"@type\":\"BreadcrumbList\",\"@id\":\"https:\\\/\\\/gocoaching.ca\\\/livres-publies\\\/#breadcrumb\",\"itemListElement\":[{\"@type\":\"ListItem\",\"position\":1,\"name\":\"Accueil\",\"item\":\"https:\\\/\\\/gocoaching.ca\\\/\"},{\"@type\":\"ListItem\",\"position\":2,\"name\":\"Livres publi\u00e9s\"}]},{\"@type\":\"WebSite\",\"@id\":\"https:\\\/\\\/gocoaching.ca\\\/#website\",\"url\":\"https:\\\/\\\/gocoaching.ca\\\/\",\"name\":\"Olivier Gu\u00e9rin Coaching\",\"description\":\"\",\"publisher\":{\"@id\":\"https:\\\/\\\/gocoaching.ca\\\/#organization\"},\"potentialAction\":[{\"@type\":\"SearchAction\",\"target\":{\"@type\":\"EntryPoint\",\"urlTemplate\":\"https:\\\/\\\/gocoaching.ca\\\/?s={search_term_string}\"},\"query-input\":{\"@type\":\"PropertyValueSpecification\",\"valueRequired\":true,\"valueName\":\"search_term_string\"}}],\"inLanguage\":\"en-US\"},{\"@type\":\"Organization\",\"@id\":\"https:\\\/\\\/gocoaching.ca\\\/#organization\",\"name\":\"Olivier Gu\u00e9rin Coaching\",\"url\":\"https:\\\/\\\/gocoaching.ca\\\/\",\"logo\":{\"@type\":\"ImageObject\",\"inLanguage\":\"en-US\",\"@id\":\"https:\\\/\\\/gocoaching.ca\\\/#\\\/schema\\\/logo\\\/image\\\/\",\"url\":\"https:\\\/\\\/gocoaching.ca\\\/wp-content\\\/uploads\\\/2019\\\/08\\\/OGC-Logo4.gif\",\"contentUrl\":\"https:\\\/\\\/gocoaching.ca\\\/wp-content\\\/uploads\\\/2019\\\/08\\\/OGC-Logo4.gif\",\"width\":540,\"height\":180,\"caption\":\"Olivier Gu\u00e9rin Coaching\"},\"image\":{\"@id\":\"https:\\\/\\\/gocoaching.ca\\\/#\\\/schema\\\/logo\\\/image\\\/\"},\"sameAs\":[\"https:\\\/\\\/www.facebook.com\\\/pages\\\/Olivier-Gu\u00e9rin-coach-conf\u00e9rencier-auteur\\\/1597565597123876?ref=hl\",\"https:\\\/\\\/x.com\\\/VifOrange\",\"https:\\\/\\\/www.linkedin.com\\\/profile\\\/view?id=15036118&amp;amp;amp;trk=nav_responsive_tab_profile\",\"https:\\\/\\\/www.youtube.com\\\/channel\\\/UCJpshVSibk6eNTjcp_7xcsQ\"]}]}<\/script>\n<!-- \/ Yoast SEO plugin. -->","yoast_head_json":{"title":"Livres publi\u00e9s - GO COACHING","robots":{"index":"index","follow":"follow","max-snippet":"max-snippet:-1","max-image-preview":"max-image-preview:large","max-video-preview":"max-video-preview:-1"},"canonical":"https:\/\/gocoaching.ca\/en\/livres-publies\/","og_locale":"en_US","og_type":"article","og_title":"Le nouveau livre r\u00e9f\u00e9rence pour tous les coachs","og_description":"- Pr\u00e9face de Robert Dilts -","og_url":"https:\/\/gocoaching.ca\/en\/livres-publies\/","og_site_name":"GO COACHING","article_publisher":"https:\/\/www.facebook.com\/pages\/Olivier-Gu%c3%a9rin-coach-conf%c3%a9rencier-auteur\/1597565597123876?ref=hl","article_modified_time":"2026-03-07T10:44:00+00:00","og_image":[{"width":1200,"height":630,"url":"https:\/\/gocoaching.ca\/wp-content\/uploads\/2019\/07\/La-r\u00e9sonance_12092019_FBSW.jpg","type":"image\/jpeg"}],"twitter_misc":{"Est. reading time":"2 minutes"},"schema":{"@context":"https:\/\/schema.org","@graph":[{"@type":"WebPage","@id":"https:\/\/gocoaching.ca\/livres-publies\/","url":"https:\/\/gocoaching.ca\/livres-publies\/","name":"Livres publi\u00e9s - GO COACHING","isPartOf":{"@id":"https:\/\/gocoaching.ca\/#website"},"primaryImageOfPage":{"@id":"https:\/\/gocoaching.ca\/livres-publies\/#primaryimage"},"image":{"@id":"https:\/\/gocoaching.ca\/livres-publies\/#primaryimage"},"thumbnailUrl":"https:\/\/gocoaching.ca\/wp-content\/uploads\/2019\/07\/La-r\u00e9sonance_12092019_FBSW.jpg","datePublished":"2015-12-01T13:49:07+00:00","dateModified":"2026-03-07T10:44:00+00:00","breadcrumb":{"@id":"https:\/\/gocoaching.ca\/livres-publies\/#breadcrumb"},"inLanguage":"en-US","potentialAction":[{"@type":"ReadAction","target":["https:\/\/gocoaching.ca\/livres-publies\/"]}]},{"@type":"ImageObject","inLanguage":"en-US","@id":"https:\/\/gocoaching.ca\/livres-publies\/#primaryimage","url":"https:\/\/gocoaching.ca\/wp-content\/uploads\/2019\/07\/La-r\u00e9sonance_12092019_FBSW.jpg","contentUrl":"https:\/\/gocoaching.ca\/wp-content\/uploads\/2019\/07\/La-r\u00e9sonance_12092019_FBSW.jpg","width":1200,"height":630,"caption":"La R\u00e9sonance"},{"@type":"BreadcrumbList","@id":"https:\/\/gocoaching.ca\/livres-publies\/#breadcrumb","itemListElement":[{"@type":"ListItem","position":1,"name":"Accueil","item":"https:\/\/gocoaching.ca\/"},{"@type":"ListItem","position":2,"name":"Livres publi\u00e9s"}]},{"@type":"WebSite","@id":"https:\/\/gocoaching.ca\/#website","url":"https:\/\/gocoaching.ca\/","name":"Olivier Gu\u00e9rin Coaching","description":"","publisher":{"@id":"https:\/\/gocoaching.ca\/#organization"},"potentialAction":[{"@type":"SearchAction","target":{"@type":"EntryPoint","urlTemplate":"https:\/\/gocoaching.ca\/?s={search_term_string}"},"query-input":{"@type":"PropertyValueSpecification","valueRequired":true,"valueName":"search_term_string"}}],"inLanguage":"en-US"},{"@type":"Organization","@id":"https:\/\/gocoaching.ca\/#organization","name":"Olivier Gu\u00e9rin Coaching","url":"https:\/\/gocoaching.ca\/","logo":{"@type":"ImageObject","inLanguage":"en-US","@id":"https:\/\/gocoaching.ca\/#\/schema\/logo\/image\/","url":"https:\/\/gocoaching.ca\/wp-content\/uploads\/2019\/08\/OGC-Logo4.gif","contentUrl":"https:\/\/gocoaching.ca\/wp-content\/uploads\/2019\/08\/OGC-Logo4.gif","width":540,"height":180,"caption":"Olivier Gu\u00e9rin Coaching"},"image":{"@id":"https:\/\/gocoaching.ca\/#\/schema\/logo\/image\/"},"sameAs":["https:\/\/www.facebook.com\/pages\/Olivier-Gu\u00e9rin-coach-conf\u00e9rencier-auteur\/1597565597123876?ref=hl","https:\/\/x.com\/VifOrange","https:\/\/www.linkedin.com\/profile\/view?id=15036118&amp;amp;amp;trk=nav_responsive_tab_profile","https:\/\/www.youtube.com\/channel\/UCJpshVSibk6eNTjcp_7xcsQ"]}]}},"jetpack_sharing_enabled":true,"_links":{"self":[{"href":"https:\/\/gocoaching.ca\/en\/wp-json\/wp\/v2\/pages\/2473","targetHints":{"allow":["GET"]}}],"collection":[{"href":"https:\/\/gocoaching.ca\/en\/wp-json\/wp\/v2\/pages"}],"about":[{"href":"https:\/\/gocoaching.ca\/en\/wp-json\/wp\/v2\/types\/page"}],"author":[{"embeddable":true,"href":"https:\/\/gocoaching.ca\/en\/wp-json\/wp\/v2\/users\/3"}],"replies":[{"embeddable":true,"href":"https:\/\/gocoaching.ca\/en\/wp-json\/wp\/v2\/comments?post=2473"}],"version-history":[{"count":1,"href":"https:\/\/gocoaching.ca\/en\/wp-json\/wp\/v2\/pages\/2473\/revisions"}],"predecessor-version":[{"id":11602,"href":"https:\/\/gocoaching.ca\/en\/wp-json\/wp\/v2\/pages\/2473\/revisions\/11602"}],"wp:featuredmedia":[{"embeddable":true,"href":"https:\/\/gocoaching.ca\/en\/wp-json\/wp\/v2\/media\/7862"}],"wp:attachment":[{"href":"https:\/\/gocoaching.ca\/en\/wp-json\/wp\/v2\/media?parent=2473"}],"curies":[{"name":"wp","href":"https:\/\/api.w.org\/{rel}","templated":true}]}}