{"id":5459,"date":"2016-12-20T16:48:01","date_gmt":"2016-12-20T20:48:01","guid":{"rendered":"http:\/\/gocoaching.ca\/?page_id=5459"},"modified":"2021-12-22T08:53:26","modified_gmt":"2021-12-22T13:53:26","slug":"rdv-coaching-professionnel","status":"publish","type":"page","link":"https:\/\/gocoaching.ca\/en\/rdv-coaching-professionnel\/","title":{"rendered":"rdv coaching professionnel"},"content":{"rendered":"<div class=\"vc_row wpb_row vc_row-fluid\"><div class=\"wpb_column vc_column_container vc_col-sm-3\"><div class=\"vc_column-inner\"><div class=\"wpb_wrapper\"><\/div><\/div><\/div><div class=\"wpb_column vc_column_container vc_col-sm-6\"><div class=\"vc_column-inner\"><div class=\"wpb_wrapper\"><h2 style=\"font-size: 30px;text-align: left;font-family:Roboto;font-weight:300;font-style:normal\" class=\"vc_custom_heading\" >Disponibilit\u00e9s des Rencontres Exploratoires - service offert<\/h2><\/div><\/div><\/div><div class=\"wpb_column vc_column_container vc_col-sm-3\"><div class=\"vc_column-inner\"><div class=\"wpb_wrapper\"><\/div><\/div><\/div><\/div><div class=\"vc_row wpb_row vc_row-fluid\"><div class=\"wpb_column vc_column_container vc_col-sm-3\"><div class=\"vc_column-inner\"><div class=\"wpb_wrapper\"><\/div><\/div><\/div><div class=\"wpb_column vc_column_container vc_col-sm-6\"><div class=\"vc_column-inner\"><div class=\"wpb_wrapper\">\n\t<div class=\"wpb_raw_code wpb_content_element wpb_raw_html\" >\n\t\t<div class=\"wpb_wrapper\">\n\t\t\t<!-- Start of Meetings Embed Script -->\n    <div class=\"meetings-iframe-container\" data-src=\"https:\/\/meetings.hubspot.com\/olivier-guerin-go-coaching?embed=true\"><\/div>\n    <script type=\"text\/javascript\" src=\"https:\/\/static.hsappstatic.net\/MeetingsEmbed\/ex\/MeetingsEmbedCode.js\"><\/script>\n  <!-- End of Meetings Embed Script -->\n\t\t<\/div>\n\t<\/div>\n<\/div><\/div><\/div><div class=\"wpb_column vc_column_container vc_col-sm-3\"><div class=\"vc_column-inner\"><div class=\"wpb_wrapper\"><\/div><\/div><\/div><\/div><div class=\"vc_row wpb_row vc_row-fluid\"><div class=\"wpb_column vc_column_container vc_col-sm-12\"><div class=\"vc_column-inner\"><div class=\"wpb_wrapper\"><div class=\"vc_empty_space\"   style=\"height: 32px\"><span class=\"vc_empty_space_inner\"><\/span><\/div><\/div><\/div><\/div><\/div>","protected":false},"excerpt":{"rendered":"Disponibilit\u00e9s des Rencontres Exploratoires - service offert","protected":false},"author":3,"featured_media":0,"parent":0,"menu_order":0,"comment_status":"closed","ping_status":"closed","template":"page-FullWidth.php","meta":{"footnotes":""},"class_list":["post-5459","page","type-page","status-publish","hentry"],"yoast_head":"<!-- This site is optimized with the Yoast SEO plugin v27.4 - https:\/\/yoast.com\/product\/yoast-seo-wordpress\/ -->\n<title>Coaching professionnel - Prendre RDV en ligne - 1ere s\u00e9ance offerte<\/title>\n<meta name=\"description\" content=\"Pour une rencontre D\u00e9couverte de 45mn afin de clarifier vos besoins, vos enjeux et le plan d&#039;accompagnement le plus appropri\u00e9 \u00e0 votre r\u00e9ussite.\" \/>\n<meta name=\"robots\" content=\"index, follow, max-snippet:-1, max-image-preview:large, max-video-preview:-1\" \/>\n<link rel=\"canonical\" href=\"https:\/\/gocoaching.ca\/en\/rdv-coaching-professionnel\/\" \/>\n<meta property=\"og:locale\" content=\"en_US\" \/>\n<meta property=\"og:type\" content=\"article\" \/>\n<meta property=\"og:title\" content=\"Coaching professionnel - Prendre RDV en ligne - 1ere s\u00e9ance offerte\" \/>\n<meta property=\"og:description\" content=\"Pour une rencontre D\u00e9couverte de 45mn afin de clarifier vos besoins, vos enjeux et le plan d&#039;accompagnement le plus appropri\u00e9 \u00e0 votre r\u00e9ussite.\" \/>\n<meta property=\"og:url\" content=\"https:\/\/gocoaching.ca\/en\/rdv-coaching-professionnel\/\" \/>\n<meta property=\"og:site_name\" content=\"GO COACHING\" \/>\n<meta property=\"article:publisher\" content=\"https:\/\/www.facebook.com\/pages\/Olivier-Gu%c3%a9rin-coach-conf%c3%a9rencier-auteur\/1597565597123876?ref=hl\" \/>\n<meta property=\"article:modified_time\" content=\"2021-12-22T13:53:26+00:00\" \/>\n<meta name=\"twitter:label1\" content=\"Est. reading time\" \/>\n\t<meta name=\"twitter:data1\" content=\"1 minute\" \/>\n<script type=\"application\/ld+json\" class=\"yoast-schema-graph\">{\"@context\":\"https:\\\/\\\/schema.org\",\"@graph\":[{\"@type\":\"WebPage\",\"@id\":\"https:\\\/\\\/gocoaching.ca\\\/rdv-coaching-professionnel\\\/\",\"url\":\"https:\\\/\\\/gocoaching.ca\\\/rdv-coaching-professionnel\\\/\",\"name\":\"Coaching professionnel - Prendre RDV en ligne - 1ere s\u00e9ance offerte\",\"isPartOf\":{\"@id\":\"https:\\\/\\\/gocoaching.ca\\\/#website\"},\"datePublished\":\"2016-12-20T20:48:01+00:00\",\"dateModified\":\"2021-12-22T13:53:26+00:00\",\"description\":\"Pour une rencontre D\u00e9couverte de 45mn afin de clarifier vos besoins, vos enjeux et le plan d'accompagnement le plus appropri\u00e9 \u00e0 votre r\u00e9ussite.\",\"breadcrumb\":{\"@id\":\"https:\\\/\\\/gocoaching.ca\\\/rdv-coaching-professionnel\\\/#breadcrumb\"},\"inLanguage\":\"en-US\",\"potentialAction\":[{\"@type\":\"ReadAction\",\"target\":[\"https:\\\/\\\/gocoaching.ca\\\/rdv-coaching-professionnel\\\/\"]}]},{\"@type\":\"BreadcrumbList\",\"@id\":\"https:\\\/\\\/gocoaching.ca\\\/rdv-coaching-professionnel\\\/#breadcrumb\",\"itemListElement\":[{\"@type\":\"ListItem\",\"position\":1,\"name\":\"Accueil\",\"item\":\"https:\\\/\\\/gocoaching.ca\\\/\"},{\"@type\":\"ListItem\",\"position\":2,\"name\":\"rdv coaching professionnel\"}]},{\"@type\":\"WebSite\",\"@id\":\"https:\\\/\\\/gocoaching.ca\\\/#website\",\"url\":\"https:\\\/\\\/gocoaching.ca\\\/\",\"name\":\"Olivier Gu\u00e9rin Coaching\",\"description\":\"\",\"publisher\":{\"@id\":\"https:\\\/\\\/gocoaching.ca\\\/#organization\"},\"potentialAction\":[{\"@type\":\"SearchAction\",\"target\":{\"@type\":\"EntryPoint\",\"urlTemplate\":\"https:\\\/\\\/gocoaching.ca\\\/?s={search_term_string}\"},\"query-input\":{\"@type\":\"PropertyValueSpecification\",\"valueRequired\":true,\"valueName\":\"search_term_string\"}}],\"inLanguage\":\"en-US\"},{\"@type\":\"Organization\",\"@id\":\"https:\\\/\\\/gocoaching.ca\\\/#organization\",\"name\":\"Olivier Gu\u00e9rin Coaching\",\"url\":\"https:\\\/\\\/gocoaching.ca\\\/\",\"logo\":{\"@type\":\"ImageObject\",\"inLanguage\":\"en-US\",\"@id\":\"https:\\\/\\\/gocoaching.ca\\\/#\\\/schema\\\/logo\\\/image\\\/\",\"url\":\"https:\\\/\\\/gocoaching.ca\\\/wp-content\\\/uploads\\\/2019\\\/08\\\/OGC-Logo4.gif\",\"contentUrl\":\"https:\\\/\\\/gocoaching.ca\\\/wp-content\\\/uploads\\\/2019\\\/08\\\/OGC-Logo4.gif\",\"width\":540,\"height\":180,\"caption\":\"Olivier Gu\u00e9rin Coaching\"},\"image\":{\"@id\":\"https:\\\/\\\/gocoaching.ca\\\/#\\\/schema\\\/logo\\\/image\\\/\"},\"sameAs\":[\"https:\\\/\\\/www.facebook.com\\\/pages\\\/Olivier-Gu\u00e9rin-coach-conf\u00e9rencier-auteur\\\/1597565597123876?ref=hl\",\"https:\\\/\\\/x.com\\\/VifOrange\",\"https:\\\/\\\/www.linkedin.com\\\/profile\\\/view?id=15036118&amp;amp;amp;trk=nav_responsive_tab_profile\",\"https:\\\/\\\/www.youtube.com\\\/channel\\\/UCJpshVSibk6eNTjcp_7xcsQ\"]}]}<\/script>\n<!-- \/ Yoast SEO plugin. -->","yoast_head_json":{"title":"Coaching professionnel - Prendre RDV en ligne - 1ere s\u00e9ance offerte","description":"Pour une rencontre D\u00e9couverte de 45mn afin de clarifier vos besoins, vos enjeux et le plan d'accompagnement le plus appropri\u00e9 \u00e0 votre r\u00e9ussite.","robots":{"index":"index","follow":"follow","max-snippet":"max-snippet:-1","max-image-preview":"max-image-preview:large","max-video-preview":"max-video-preview:-1"},"canonical":"https:\/\/gocoaching.ca\/en\/rdv-coaching-professionnel\/","og_locale":"en_US","og_type":"article","og_title":"Coaching professionnel - Prendre RDV en ligne - 1ere s\u00e9ance offerte","og_description":"Pour une rencontre D\u00e9couverte de 45mn afin de clarifier vos besoins, vos enjeux et le plan d'accompagnement le plus appropri\u00e9 \u00e0 votre r\u00e9ussite.","og_url":"https:\/\/gocoaching.ca\/en\/rdv-coaching-professionnel\/","og_site_name":"GO COACHING","article_publisher":"https:\/\/www.facebook.com\/pages\/Olivier-Gu%c3%a9rin-coach-conf%c3%a9rencier-auteur\/1597565597123876?ref=hl","article_modified_time":"2021-12-22T13:53:26+00:00","twitter_misc":{"Est. reading time":"1 minute"},"schema":{"@context":"https:\/\/schema.org","@graph":[{"@type":"WebPage","@id":"https:\/\/gocoaching.ca\/rdv-coaching-professionnel\/","url":"https:\/\/gocoaching.ca\/rdv-coaching-professionnel\/","name":"Coaching professionnel - Prendre RDV en ligne - 1ere s\u00e9ance offerte","isPartOf":{"@id":"https:\/\/gocoaching.ca\/#website"},"datePublished":"2016-12-20T20:48:01+00:00","dateModified":"2021-12-22T13:53:26+00:00","description":"Pour une rencontre D\u00e9couverte de 45mn afin de clarifier vos besoins, vos enjeux et le plan d'accompagnement le plus appropri\u00e9 \u00e0 votre r\u00e9ussite.","breadcrumb":{"@id":"https:\/\/gocoaching.ca\/rdv-coaching-professionnel\/#breadcrumb"},"inLanguage":"en-US","potentialAction":[{"@type":"ReadAction","target":["https:\/\/gocoaching.ca\/rdv-coaching-professionnel\/"]}]},{"@type":"BreadcrumbList","@id":"https:\/\/gocoaching.ca\/rdv-coaching-professionnel\/#breadcrumb","itemListElement":[{"@type":"ListItem","position":1,"name":"Accueil","item":"https:\/\/gocoaching.ca\/"},{"@type":"ListItem","position":2,"name":"rdv coaching professionnel"}]},{"@type":"WebSite","@id":"https:\/\/gocoaching.ca\/#website","url":"https:\/\/gocoaching.ca\/","name":"Olivier Gu\u00e9rin Coaching","description":"","publisher":{"@id":"https:\/\/gocoaching.ca\/#organization"},"potentialAction":[{"@type":"SearchAction","target":{"@type":"EntryPoint","urlTemplate":"https:\/\/gocoaching.ca\/?s={search_term_string}"},"query-input":{"@type":"PropertyValueSpecification","valueRequired":true,"valueName":"search_term_string"}}],"inLanguage":"en-US"},{"@type":"Organization","@id":"https:\/\/gocoaching.ca\/#organization","name":"Olivier Gu\u00e9rin Coaching","url":"https:\/\/gocoaching.ca\/","logo":{"@type":"ImageObject","inLanguage":"en-US","@id":"https:\/\/gocoaching.ca\/#\/schema\/logo\/image\/","url":"https:\/\/gocoaching.ca\/wp-content\/uploads\/2019\/08\/OGC-Logo4.gif","contentUrl":"https:\/\/gocoaching.ca\/wp-content\/uploads\/2019\/08\/OGC-Logo4.gif","width":540,"height":180,"caption":"Olivier Gu\u00e9rin Coaching"},"image":{"@id":"https:\/\/gocoaching.ca\/#\/schema\/logo\/image\/"},"sameAs":["https:\/\/www.facebook.com\/pages\/Olivier-Gu\u00e9rin-coach-conf\u00e9rencier-auteur\/1597565597123876?ref=hl","https:\/\/x.com\/VifOrange","https:\/\/www.linkedin.com\/profile\/view?id=15036118&amp;amp;amp;trk=nav_responsive_tab_profile","https:\/\/www.youtube.com\/channel\/UCJpshVSibk6eNTjcp_7xcsQ"]}]}},"jetpack_sharing_enabled":true,"_links":{"self":[{"href":"https:\/\/gocoaching.ca\/en\/wp-json\/wp\/v2\/pages\/5459","targetHints":{"allow":["GET"]}}],"collection":[{"href":"https:\/\/gocoaching.ca\/en\/wp-json\/wp\/v2\/pages"}],"about":[{"href":"https:\/\/gocoaching.ca\/en\/wp-json\/wp\/v2\/types\/page"}],"author":[{"embeddable":true,"href":"https:\/\/gocoaching.ca\/en\/wp-json\/wp\/v2\/users\/3"}],"replies":[{"embeddable":true,"href":"https:\/\/gocoaching.ca\/en\/wp-json\/wp\/v2\/comments?post=5459"}],"version-history":[{"count":1,"href":"https:\/\/gocoaching.ca\/en\/wp-json\/wp\/v2\/pages\/5459\/revisions"}],"predecessor-version":[{"id":11221,"href":"https:\/\/gocoaching.ca\/en\/wp-json\/wp\/v2\/pages\/5459\/revisions\/11221"}],"wp:attachment":[{"href":"https:\/\/gocoaching.ca\/en\/wp-json\/wp\/v2\/media?parent=5459"}],"curies":[{"name":"wp","href":"https:\/\/api.w.org\/{rel}","templated":true}]}}