{"id":7573,"date":"2019-01-27T09:57:40","date_gmt":"2019-01-27T13:57:40","guid":{"rendered":"http:\/\/gocoaching.ca\/?page_id=7573"},"modified":"2021-12-17T18:56:29","modified_gmt":"2021-12-17T23:56:29","slug":"resonance","status":"publish","type":"page","link":"https:\/\/gocoaching.ca\/en\/resonance\/","title":{"rendered":"Resonance"},"content":{"rendered":"<div data-vc-full-width=\"true\" data-vc-full-width-init=\"false\" data-vc-stretch-content=\"true\" class=\"vc_row wpb_row vc_row-fluid vc_custom_1565208801110 vc_row-no-padding\"><div class=\"wpb_column vc_column_container vc_col-sm-12\"><div class=\"vc_column-inner\"><div class=\"wpb_wrapper\"><h2 style=\"font-size: 50px;text-align: center;font-family:Roboto;font-weight:300;font-style:normal\" class=\"vc_custom_heading\" >Welcome to this section dedicated to the Resonance<\/h2><h2 style=\"font-size: 35px;text-align: center;font-family:Roboto;font-weight:300;font-style:normal\" class=\"vc_custom_heading\" >the content is specific to the professional coaches<\/h2><h2 style=\"font-size: 30px;text-align: center;font-family:Roboto;font-weight:300;font-style:normal\" class=\"vc_custom_heading\" >including the professional of help relationship<\/h2><\/div><\/div><\/div><\/div><div class=\"vc_row-full-width vc_clearfix\"><\/div><div class=\"vc_row wpb_row vc_row-fluid\"><div class=\"wpb_column vc_column_container vc_col-sm-12\"><div class=\"vc_column-inner\"><div class=\"wpb_wrapper\"><\/div><\/div><\/div><\/div><div data-vc-full-width=\"true\" data-vc-full-width-init=\"false\" data-vc-stretch-content=\"true\" data-vc-parallax=\"1.5\" class=\"vc_row wpb_row vc_row-fluid vc_custom_1639698813464 vc_row-has-fill vc_row-no-padding vc_row-o-content-top vc_row-flex vc_general vc_parallax vc_parallax-content-moving\"><div class=\"wpb_column vc_column_container vc_col-sm-4\"><div class=\"vc_column-inner\"><div class=\"wpb_wrapper\"><div class=\"vc_empty_space\"   style=\"height: 50px\"><span class=\"vc_empty_space_inner\"><\/span><\/div><div class=\"vc_icon_element vc_icon_element-outer vc_icon_element-align-center vc_icon_element-have-style\"><div class=\"vc_icon_element-inner vc_icon_element-color-grey vc_icon_element-have-style-inner vc_icon_element-size-xl vc_icon_element-style-rounded-outline vc_icon_element-outline vc_icon_element-background-color-custom\"  style=\"border-color:#ff4500\"><span class=\"vc_icon_element-icon entypo-icon entypo-icon-users\" ><\/span><a class=\"vc_icon_element-link\" href=\"https:\/\/gocoaching.ca\/en\/coaching-resonance\/\"  title=\"Coaching r\u00e9sonance\" target=\"_self\"><\/a><\/div><\/div><h2 style=\"font-size: 35px;color: #ffffff;text-align: center;font-family:Roboto;font-weight:400;font-style:normal\" class=\"vc_custom_heading\" ><a href=\"https:\/\/gocoaching.ca\/en\/coaching-resonance\/\" title=\"Coaching r\u00e9sonance\">Coaching \/ Supervision<\/a><\/h2><div class=\"vc_btn3-container vc_btn3-center\" ><a onmouseleave=\"this.style.borderColor='#f2f2f2'; this.style.backgroundColor='transparent'; this.style.color='#f2f2f2'\" onmouseenter=\"this.style.borderColor='#ff4500'; this.style.backgroundColor='#ff4500'; this.style.color='#ffffff';\" style=\"border-color:#f2f2f2; color:#f2f2f2;\" class=\"vc_general vc_btn3 vc_btn3-size-xs vc_btn3-shape-round vc_btn3-style-outline-custom vc_btn3-icon-right\" href=\"https:\/\/gocoaching.ca\/en\/coaching-resonance\/\" title=\"Coaching r\u00e9sonance\">Infos <i class=\"vc_btn3-icon fa fa-chevron-right\"><\/i><\/a><\/div><\/div><\/div><\/div><div class=\"wpb_column vc_column_container vc_col-sm-4\"><div class=\"vc_column-inner\"><div class=\"wpb_wrapper\"><div class=\"vc_empty_space\"   style=\"height: 50px\"><span class=\"vc_empty_space_inner\"><\/span><\/div><div class=\"vc_icon_element vc_icon_element-outer vc_icon_element-align-center vc_icon_element-have-style\"><div class=\"vc_icon_element-inner vc_icon_element-color-grey vc_icon_element-have-style-inner vc_icon_element-size-xl vc_icon_element-style-rounded-outline vc_icon_element-outline vc_icon_element-background-color-custom\"  style=\"border-color:#ff4500\"><span class=\"vc_icon_element-icon typcn typcn-user-add\" ><\/span><a class=\"vc_icon_element-link\" href=\"https:\/\/gocoaching.ca\/en\/masterclass-resonance\/\"  title=\"Mastering the Resonance\" target=\"_self\"><\/a><\/div><\/div><h2 style=\"font-size: 35px;color: #ffffff;text-align: center;font-family:Roboto;font-weight:400;font-style:normal\" class=\"vc_custom_heading\" ><a href=\"https:\/\/gocoaching.ca\/en\/masterclass-resonance\/\" title=\"Mastering the Resonance\">MasterClass<\/a><\/h2><div class=\"vc_btn3-container vc_btn3-center\" ><a onmouseleave=\"this.style.borderColor='#f2f2f2'; this.style.backgroundColor='transparent'; this.style.color='#f2f2f2'\" onmouseenter=\"this.style.borderColor='#ff4500'; this.style.backgroundColor='#ff4500'; this.style.color='#ffffff';\" style=\"border-color:#f2f2f2; color:#f2f2f2;\" class=\"vc_general vc_btn3 vc_btn3-size-xs vc_btn3-shape-round vc_btn3-style-outline-custom vc_btn3-icon-right\" href=\"https:\/\/gocoaching.ca\/en\/masterclass-resonance\/\" title=\"MasterClass r\u00e9sonance\">Infos <i class=\"vc_btn3-icon fas fa-angle-right\"><\/i><\/a><\/div><div class=\"vc_empty_space\"   style=\"height: 50px\"><span class=\"vc_empty_space_inner\"><\/span><\/div><\/div><\/div><\/div><div class=\"wpb_column vc_column_container vc_col-sm-4\"><div class=\"vc_column-inner\"><div class=\"wpb_wrapper\"><div class=\"vc_empty_space\"   style=\"height: 50px\"><span class=\"vc_empty_space_inner\"><\/span><\/div><div class=\"vc_icon_element vc_icon_element-outer vc_icon_element-align-center vc_icon_element-have-style\"><div class=\"vc_icon_element-inner vc_icon_element-color-white vc_icon_element-have-style-inner vc_icon_element-size-xl vc_icon_element-style-rounded-outline vc_icon_element-outline vc_icon_element-background-color-custom\"  style=\"border-color:#ff4500\"><span class=\"vc_icon_element-icon vc-material vc-material-account_balance\" ><\/span><a class=\"vc_icon_element-link\" href=\"https:\/\/gocoaching.ca\/en\/formation-resonance\/\"  title=\"Formation r\u00e9sonance\" target=\"_self\"><\/a><\/div><\/div><h2 style=\"font-size: 35px;color: #ffffff;text-align: center;font-family:Roboto;font-weight:400;font-style:normal\" class=\"vc_custom_heading\" ><a href=\"https:\/\/gocoaching.ca\/en\/formation-resonance\/\" title=\"Formation r\u00e9sonance\">Training<\/a><\/h2><div class=\"vc_btn3-container vc_btn3-center\" ><a onmouseleave=\"this.style.borderColor='#f2f2f2'; this.style.backgroundColor='transparent'; this.style.color='#f2f2f2'\" onmouseenter=\"this.style.borderColor='#ff4500'; this.style.backgroundColor='#ff4500'; this.style.color='#ffffff';\" style=\"border-color:#f2f2f2; color:#f2f2f2;\" class=\"vc_general vc_btn3 vc_btn3-size-xs vc_btn3-shape-round vc_btn3-style-outline-custom vc_btn3-icon-right\" href=\"https:\/\/gocoaching.ca\/en\/formation-resonance\/\" title=\"Formations r\u00e9sonance\">Infos <i class=\"vc_btn3-icon fa fa-chevron-right\"><\/i><\/a><\/div><div class=\"vc_empty_space\"   style=\"height: 450px\"><span class=\"vc_empty_space_inner\"><\/span><\/div><div class=\"vc_empty_space\"   style=\"height: 50px\"><span class=\"vc_empty_space_inner\"><\/span><\/div><\/div><\/div><\/div><\/div><div class=\"vc_row-full-width vc_clearfix\"><\/div><div class=\"vc_row wpb_row vc_row-fluid\"><div class=\"wpb_column vc_column_container vc_col-sm-12\"><div class=\"vc_column-inner\"><div class=\"wpb_wrapper\"><div class=\"vc_empty_space\"   style=\"height: 150px\"><span class=\"vc_empty_space_inner\"><\/span><\/div><\/div><\/div><\/div><div class=\"wpb_column vc_column_container vc_col-sm-2\"><div class=\"vc_column-inner\"><div class=\"wpb_wrapper\"><\/div><\/div><\/div><div class=\"wpb_column vc_column_container vc_col-sm-8\"><div class=\"vc_column-inner\"><div class=\"wpb_wrapper\">\n\t<div  class=\"wpb_single_image wpb_content_element vc_align_center\">\n\t\t\n\t\t<figure class=\"wpb_wrapper vc_figure\">\n\t\t\t<div class=\"vc_single_image-wrapper vc_box_border  vc_box_border_grey\"><img loading=\"lazy\" decoding=\"async\" width=\"1853\" height=\"1350\" src=\"https:\/\/gocoaching.ca\/wp-content\/uploads\/2019\/07\/La-r\u00e9sonance_12092019_2.jpg\" class=\"vc_single_image-img attachment-full\" alt=\"La R\u00e9sonance\" srcset=\"https:\/\/gocoaching.ca\/wp-content\/uploads\/2019\/07\/La-r\u00e9sonance_12092019_2.jpg 1853w, https:\/\/gocoaching.ca\/wp-content\/uploads\/2019\/07\/La-r\u00e9sonance_12092019_2-400x291.jpg 400w, https:\/\/gocoaching.ca\/wp-content\/uploads\/2019\/07\/La-r\u00e9sonance_12092019_2-300x219.jpg 300w, https:\/\/gocoaching.ca\/wp-content\/uploads\/2019\/07\/La-r\u00e9sonance_12092019_2-768x560.jpg 768w, https:\/\/gocoaching.ca\/wp-content\/uploads\/2019\/07\/La-r\u00e9sonance_12092019_2-1024x746.jpg 1024w\" sizes=\"auto, (max-width: 1853px) 100vw, 1853px\" \/><\/div>\n\t\t<\/figure>\n\t<\/div>\n<\/div><\/div><\/div><div class=\"wpb_column vc_column_container vc_col-sm-2\"><div class=\"vc_column-inner\"><div class=\"wpb_wrapper\"><\/div><\/div><\/div><\/div><div class=\"vc_row wpb_row vc_row-fluid\"><div class=\"wpb_column vc_column_container vc_col-sm-12\"><div class=\"vc_column-inner\"><div class=\"wpb_wrapper\"><div class=\"vc_empty_space\"   style=\"height: 100px\"><span class=\"vc_empty_space_inner\"><\/span><\/div><\/div><\/div><\/div><\/div><div class=\"vc_row wpb_row vc_row-fluid\"><div class=\"wpb_column vc_column_container vc_col-sm-3\"><div class=\"vc_column-inner\"><div class=\"wpb_wrapper\"><\/div><\/div><\/div><div class=\"wpb_column vc_column_container vc_col-sm-3\"><div class=\"vc_column-inner vc_custom_1596106504716\"><div class=\"wpb_wrapper\"><h2 style=\"font-size: 25px;text-align: left;font-family:Roboto;font-weight:400;font-style:normal\" class=\"vc_custom_heading wpb_animate_when_almost_visible wpb_fadeIn fadeIn\" >Test your knowledge<\/h2><h2 style=\"font-size: 25px;text-align: left;font-family:Roboto;font-weight:400;font-style:normal\" class=\"vc_custom_heading wpb_animate_when_almost_visible wpb_fadeIn fadeIn\" >about the Resonance<\/h2><div class=\"vc_empty_space\"   style=\"height: 100px\"><span class=\"vc_empty_space_inner\"><\/span><\/div><\/div><\/div><\/div><div class=\"wpb_column vc_column_container vc_col-sm-3\"><div class=\"vc_column-inner\"><div class=\"wpb_wrapper\"><div class=\"vc_empty_space\"   style=\"height: 50px\"><span class=\"vc_empty_space_inner\"><\/span><\/div><div class=\"vc_btn3-container  wpb_animate_when_almost_visible wpb_fadeIn fadeIn vc_btn3-left\" ><a class=\"vc_general vc_btn3 vc_btn3-size-md vc_btn3-shape-rounded vc_btn3-style-modern vc_btn3-icon-right vc_btn3-color-primary\" href=\"https:\/\/gocoaching.ca\/en\/miniquizz-resonance\/\" title=\"Miniquizz r\u00e9sonance\">Commencer le mini Quizz <i class=\"vc_btn3-icon fas fa-chevron-right\"><\/i><\/a><\/div><\/div><\/div><\/div><div class=\"wpb_column vc_column_container vc_col-sm-3\"><div class=\"vc_column-inner\"><div class=\"wpb_wrapper\"><div class=\"vc_empty_space\"   style=\"height: 50px\"><span class=\"vc_empty_space_inner\"><\/span><\/div><div class=\"vc_btn3-container  wpb_animate_when_almost_visible wpb_fadeIn fadeIn vc_btn3-left\" ><a class=\"vc_general vc_btn3 vc_btn3-size-md vc_btn3-shape-rounded vc_btn3-style-modern vc_btn3-icon-right vc_btn3-color-primary\" href=\"https:\/\/gocoaching.ca\/en\/miniquizz-resonance-usversion\/\" title=\"Miniquizz r\u00e9sonance\">Start the short Quizz <i class=\"vc_btn3-icon fas fa-angle-right\"><\/i><\/a><\/div><\/div><\/div><\/div><\/div>","protected":false},"excerpt":{"rendered":"Bienvenue dans cette section d\u00e9di\u00e9e \u00e0 la R\u00e9sonancecontenu r\u00e9serv\u00e9 aux coachs professionnelsainsi qu'aux professionnels de la relation d'aideCoaching \/ SupervisionInfos","protected":false},"author":3,"featured_media":8626,"parent":0,"menu_order":0,"comment_status":"closed","ping_status":"closed","template":"page-FullWidth.php","meta":{"footnotes":""},"class_list":["post-7573","page","type-page","status-publish","has-post-thumbnail","hentry"],"yoast_head":"<!-- This site is optimized with the Yoast SEO plugin v27.4 - https:\/\/yoast.com\/product\/yoast-seo-wordpress\/ -->\n<title>Pour mieux g\u00e9rer la r\u00e9sonance lors de vos pratique de coaching<\/title>\n<meta name=\"description\" content=\"Faites de la r\u00e9sonance un atout puissant en coaching, D\u00e9veloppez votre ma\u00eetrise gr\u00e2ce \u00e0 de la supervision, des formations et du coaching.\" \/>\n<meta name=\"robots\" content=\"index, follow, max-snippet:-1, max-image-preview:large, max-video-preview:-1\" \/>\n<link rel=\"canonical\" href=\"https:\/\/gocoaching.ca\/en\/resonance\/\" \/>\n<meta property=\"og:locale\" content=\"en_US\" \/>\n<meta property=\"og:type\" content=\"article\" \/>\n<meta property=\"og:title\" content=\"Pour mieux g\u00e9rer la r\u00e9sonance lors de vos pratique de coaching\" \/>\n<meta property=\"og:description\" content=\"Faites de la r\u00e9sonance un atout puissant en coaching, D\u00e9veloppez votre ma\u00eetrise gr\u00e2ce \u00e0 de la supervision, des formations et du coaching.\" \/>\n<meta property=\"og:url\" content=\"https:\/\/gocoaching.ca\/en\/resonance\/\" \/>\n<meta property=\"og:site_name\" content=\"GO COACHING\" \/>\n<meta property=\"article:publisher\" content=\"https:\/\/www.facebook.com\/pages\/Olivier-Gu%c3%a9rin-coach-conf%c3%a9rencier-auteur\/1597565597123876?ref=hl\" \/>\n<meta property=\"article:modified_time\" content=\"2021-12-17T23:56:29+00:00\" \/>\n<meta property=\"og:image\" content=\"https:\/\/gocoaching.ca\/wp-content\/uploads\/2019\/08\/La-r\u00e9sonanceFB.jpg\" \/>\n\t<meta property=\"og:image:width\" content=\"1200\" \/>\n\t<meta property=\"og:image:height\" content=\"628\" \/>\n\t<meta property=\"og:image:type\" content=\"image\/jpeg\" \/>\n<meta name=\"twitter:label1\" content=\"Est. reading time\" \/>\n\t<meta name=\"twitter:data1\" content=\"5 minutes\" \/>\n<script type=\"application\/ld+json\" class=\"yoast-schema-graph\">{\"@context\":\"https:\\\/\\\/schema.org\",\"@graph\":[{\"@type\":\"WebPage\",\"@id\":\"https:\\\/\\\/gocoaching.ca\\\/resonance\\\/\",\"url\":\"https:\\\/\\\/gocoaching.ca\\\/resonance\\\/\",\"name\":\"Pour mieux g\u00e9rer la r\u00e9sonance lors de vos pratique de coaching\",\"isPartOf\":{\"@id\":\"https:\\\/\\\/gocoaching.ca\\\/#website\"},\"primaryImageOfPage\":{\"@id\":\"https:\\\/\\\/gocoaching.ca\\\/resonance\\\/#primaryimage\"},\"image\":{\"@id\":\"https:\\\/\\\/gocoaching.ca\\\/resonance\\\/#primaryimage\"},\"thumbnailUrl\":\"https:\\\/\\\/gocoaching.ca\\\/wp-content\\\/uploads\\\/2019\\\/08\\\/La-r\u00e9sonanceFB.jpg\",\"datePublished\":\"2019-01-27T13:57:40+00:00\",\"dateModified\":\"2021-12-17T23:56:29+00:00\",\"description\":\"Faites de la r\u00e9sonance un atout puissant en coaching, D\u00e9veloppez votre ma\u00eetrise gr\u00e2ce \u00e0 de la supervision, des formations et du coaching.\",\"breadcrumb\":{\"@id\":\"https:\\\/\\\/gocoaching.ca\\\/resonance\\\/#breadcrumb\"},\"inLanguage\":\"en-US\",\"potentialAction\":[{\"@type\":\"ReadAction\",\"target\":[\"https:\\\/\\\/gocoaching.ca\\\/resonance\\\/\"]}]},{\"@type\":\"ImageObject\",\"inLanguage\":\"en-US\",\"@id\":\"https:\\\/\\\/gocoaching.ca\\\/resonance\\\/#primaryimage\",\"url\":\"https:\\\/\\\/gocoaching.ca\\\/wp-content\\\/uploads\\\/2019\\\/08\\\/La-r\u00e9sonanceFB.jpg\",\"contentUrl\":\"https:\\\/\\\/gocoaching.ca\\\/wp-content\\\/uploads\\\/2019\\\/08\\\/La-r\u00e9sonanceFB.jpg\",\"width\":1200,\"height\":628,\"caption\":\"La r\u00e9sonance\"},{\"@type\":\"BreadcrumbList\",\"@id\":\"https:\\\/\\\/gocoaching.ca\\\/resonance\\\/#breadcrumb\",\"itemListElement\":[{\"@type\":\"ListItem\",\"position\":1,\"name\":\"Accueil\",\"item\":\"https:\\\/\\\/gocoaching.ca\\\/\"},{\"@type\":\"ListItem\",\"position\":2,\"name\":\"Resonance\"}]},{\"@type\":\"WebSite\",\"@id\":\"https:\\\/\\\/gocoaching.ca\\\/#website\",\"url\":\"https:\\\/\\\/gocoaching.ca\\\/\",\"name\":\"Olivier Gu\u00e9rin Coaching\",\"description\":\"\",\"publisher\":{\"@id\":\"https:\\\/\\\/gocoaching.ca\\\/#organization\"},\"potentialAction\":[{\"@type\":\"SearchAction\",\"target\":{\"@type\":\"EntryPoint\",\"urlTemplate\":\"https:\\\/\\\/gocoaching.ca\\\/?s={search_term_string}\"},\"query-input\":{\"@type\":\"PropertyValueSpecification\",\"valueRequired\":true,\"valueName\":\"search_term_string\"}}],\"inLanguage\":\"en-US\"},{\"@type\":\"Organization\",\"@id\":\"https:\\\/\\\/gocoaching.ca\\\/#organization\",\"name\":\"Olivier Gu\u00e9rin Coaching\",\"url\":\"https:\\\/\\\/gocoaching.ca\\\/\",\"logo\":{\"@type\":\"ImageObject\",\"inLanguage\":\"en-US\",\"@id\":\"https:\\\/\\\/gocoaching.ca\\\/#\\\/schema\\\/logo\\\/image\\\/\",\"url\":\"https:\\\/\\\/gocoaching.ca\\\/wp-content\\\/uploads\\\/2019\\\/08\\\/OGC-Logo4.gif\",\"contentUrl\":\"https:\\\/\\\/gocoaching.ca\\\/wp-content\\\/uploads\\\/2019\\\/08\\\/OGC-Logo4.gif\",\"width\":540,\"height\":180,\"caption\":\"Olivier Gu\u00e9rin Coaching\"},\"image\":{\"@id\":\"https:\\\/\\\/gocoaching.ca\\\/#\\\/schema\\\/logo\\\/image\\\/\"},\"sameAs\":[\"https:\\\/\\\/www.facebook.com\\\/pages\\\/Olivier-Gu\u00e9rin-coach-conf\u00e9rencier-auteur\\\/1597565597123876?ref=hl\",\"https:\\\/\\\/x.com\\\/VifOrange\",\"https:\\\/\\\/www.linkedin.com\\\/profile\\\/view?id=15036118&amp;amp;amp;trk=nav_responsive_tab_profile\",\"https:\\\/\\\/www.youtube.com\\\/channel\\\/UCJpshVSibk6eNTjcp_7xcsQ\"]}]}<\/script>\n<!-- \/ Yoast SEO plugin. -->","yoast_head_json":{"title":"Pour mieux g\u00e9rer la r\u00e9sonance lors de vos pratique de coaching","description":"Faites de la r\u00e9sonance un atout puissant en coaching, D\u00e9veloppez votre ma\u00eetrise gr\u00e2ce \u00e0 de la supervision, des formations et du coaching.","robots":{"index":"index","follow":"follow","max-snippet":"max-snippet:-1","max-image-preview":"max-image-preview:large","max-video-preview":"max-video-preview:-1"},"canonical":"https:\/\/gocoaching.ca\/en\/resonance\/","og_locale":"en_US","og_type":"article","og_title":"Pour mieux g\u00e9rer la r\u00e9sonance lors de vos pratique de coaching","og_description":"Faites de la r\u00e9sonance un atout puissant en coaching, D\u00e9veloppez votre ma\u00eetrise gr\u00e2ce \u00e0 de la supervision, des formations et du coaching.","og_url":"https:\/\/gocoaching.ca\/en\/resonance\/","og_site_name":"GO COACHING","article_publisher":"https:\/\/www.facebook.com\/pages\/Olivier-Gu%c3%a9rin-coach-conf%c3%a9rencier-auteur\/1597565597123876?ref=hl","article_modified_time":"2021-12-17T23:56:29+00:00","og_image":[{"width":1200,"height":628,"url":"https:\/\/gocoaching.ca\/wp-content\/uploads\/2019\/08\/La-r\u00e9sonanceFB.jpg","type":"image\/jpeg"}],"twitter_misc":{"Est. reading time":"5 minutes"},"schema":{"@context":"https:\/\/schema.org","@graph":[{"@type":"WebPage","@id":"https:\/\/gocoaching.ca\/resonance\/","url":"https:\/\/gocoaching.ca\/resonance\/","name":"Pour mieux g\u00e9rer la r\u00e9sonance lors de vos pratique de coaching","isPartOf":{"@id":"https:\/\/gocoaching.ca\/#website"},"primaryImageOfPage":{"@id":"https:\/\/gocoaching.ca\/resonance\/#primaryimage"},"image":{"@id":"https:\/\/gocoaching.ca\/resonance\/#primaryimage"},"thumbnailUrl":"https:\/\/gocoaching.ca\/wp-content\/uploads\/2019\/08\/La-r\u00e9sonanceFB.jpg","datePublished":"2019-01-27T13:57:40+00:00","dateModified":"2021-12-17T23:56:29+00:00","description":"Faites de la r\u00e9sonance un atout puissant en coaching, D\u00e9veloppez votre ma\u00eetrise gr\u00e2ce \u00e0 de la supervision, des formations et du coaching.","breadcrumb":{"@id":"https:\/\/gocoaching.ca\/resonance\/#breadcrumb"},"inLanguage":"en-US","potentialAction":[{"@type":"ReadAction","target":["https:\/\/gocoaching.ca\/resonance\/"]}]},{"@type":"ImageObject","inLanguage":"en-US","@id":"https:\/\/gocoaching.ca\/resonance\/#primaryimage","url":"https:\/\/gocoaching.ca\/wp-content\/uploads\/2019\/08\/La-r\u00e9sonanceFB.jpg","contentUrl":"https:\/\/gocoaching.ca\/wp-content\/uploads\/2019\/08\/La-r\u00e9sonanceFB.jpg","width":1200,"height":628,"caption":"La r\u00e9sonance"},{"@type":"BreadcrumbList","@id":"https:\/\/gocoaching.ca\/resonance\/#breadcrumb","itemListElement":[{"@type":"ListItem","position":1,"name":"Accueil","item":"https:\/\/gocoaching.ca\/"},{"@type":"ListItem","position":2,"name":"Resonance"}]},{"@type":"WebSite","@id":"https:\/\/gocoaching.ca\/#website","url":"https:\/\/gocoaching.ca\/","name":"Olivier Gu\u00e9rin Coaching","description":"","publisher":{"@id":"https:\/\/gocoaching.ca\/#organization"},"potentialAction":[{"@type":"SearchAction","target":{"@type":"EntryPoint","urlTemplate":"https:\/\/gocoaching.ca\/?s={search_term_string}"},"query-input":{"@type":"PropertyValueSpecification","valueRequired":true,"valueName":"search_term_string"}}],"inLanguage":"en-US"},{"@type":"Organization","@id":"https:\/\/gocoaching.ca\/#organization","name":"Olivier Gu\u00e9rin Coaching","url":"https:\/\/gocoaching.ca\/","logo":{"@type":"ImageObject","inLanguage":"en-US","@id":"https:\/\/gocoaching.ca\/#\/schema\/logo\/image\/","url":"https:\/\/gocoaching.ca\/wp-content\/uploads\/2019\/08\/OGC-Logo4.gif","contentUrl":"https:\/\/gocoaching.ca\/wp-content\/uploads\/2019\/08\/OGC-Logo4.gif","width":540,"height":180,"caption":"Olivier Gu\u00e9rin Coaching"},"image":{"@id":"https:\/\/gocoaching.ca\/#\/schema\/logo\/image\/"},"sameAs":["https:\/\/www.facebook.com\/pages\/Olivier-Gu\u00e9rin-coach-conf\u00e9rencier-auteur\/1597565597123876?ref=hl","https:\/\/x.com\/VifOrange","https:\/\/www.linkedin.com\/profile\/view?id=15036118&amp;amp;amp;trk=nav_responsive_tab_profile","https:\/\/www.youtube.com\/channel\/UCJpshVSibk6eNTjcp_7xcsQ"]}]}},"jetpack_sharing_enabled":true,"_links":{"self":[{"href":"https:\/\/gocoaching.ca\/en\/wp-json\/wp\/v2\/pages\/7573","targetHints":{"allow":["GET"]}}],"collection":[{"href":"https:\/\/gocoaching.ca\/en\/wp-json\/wp\/v2\/pages"}],"about":[{"href":"https:\/\/gocoaching.ca\/en\/wp-json\/wp\/v2\/types\/page"}],"author":[{"embeddable":true,"href":"https:\/\/gocoaching.ca\/en\/wp-json\/wp\/v2\/users\/3"}],"replies":[{"embeddable":true,"href":"https:\/\/gocoaching.ca\/en\/wp-json\/wp\/v2\/comments?post=7573"}],"version-history":[{"count":1,"href":"https:\/\/gocoaching.ca\/en\/wp-json\/wp\/v2\/pages\/7573\/revisions"}],"predecessor-version":[{"id":11169,"href":"https:\/\/gocoaching.ca\/en\/wp-json\/wp\/v2\/pages\/7573\/revisions\/11169"}],"wp:featuredmedia":[{"embeddable":true,"href":"https:\/\/gocoaching.ca\/en\/wp-json\/wp\/v2\/media\/8626"}],"wp:attachment":[{"href":"https:\/\/gocoaching.ca\/en\/wp-json\/wp\/v2\/media?parent=7573"}],"curies":[{"name":"wp","href":"https:\/\/api.w.org\/{rel}","templated":true}]}}