{"id":8449,"date":"2019-08-06T10:27:05","date_gmt":"2019-08-06T14:27:05","guid":{"rendered":"https:\/\/gocoaching.ca\/?page_id=8449"},"modified":"2019-11-01T15:14:54","modified_gmt":"2019-11-01T19:14:54","slug":"miniquizz-resonance","status":"publish","type":"page","link":"https:\/\/gocoaching.ca\/en\/miniquizz-resonance\/","title":{"rendered":"Miniquizz r\u00e9sonance"},"content":{"rendered":"<div class=\"vc_row wpb_row vc_row-fluid\"><div class=\"wpb_column vc_column_container vc_col-sm-12\"><div class=\"vc_column-inner\"><div class=\"wpb_wrapper\"><h2 style=\"font-size: 40px;text-align: left;font-family:Roboto;font-weight:300;font-style:normal\" class=\"vc_custom_heading\" >Bienvenue \u00e0 ce Mini Quizz au sujet de la R\u00e9sonance<\/h2><h2 style=\"font-size: 25px;text-align: left;font-family:Roboto;font-weight:300;font-style:normal\" class=\"vc_custom_heading\" >Utilisez les menus d\u00e9roulants pour r\u00e9pondre aux 5 affirmations suivantes<\/h2><div class=\"vc_empty_space\"   style=\"height: 50px\"><span class=\"vc_empty_space_inner\"><\/span><\/div><\/div><\/div><\/div><\/div><div data-vc-full-width=\"true\" data-vc-full-width-init=\"false\" data-vc-stretch-content=\"true\" class=\"vc_row wpb_row vc_row-fluid vc_custom_1565111562379 vc_row-has-fill vc_row-no-padding\"><div class=\"wpb_column vc_column_container vc_col-sm-3\"><div class=\"vc_column-inner\"><div class=\"wpb_wrapper\"><\/div><\/div><\/div><div class=\"wpb_column vc_column_container vc_col-sm-3\"><div class=\"vc_column-inner\"><div class=\"wpb_wrapper\">\n\t<div class=\"wpb_text_column wpb_content_element \" >\n\t\t<div class=\"wpb_wrapper\">\n\t\t\t<p>[wpforms id=\u00a0\u00bb8771&Prime; title=\u00a0\u00bbfalse\u00a0\u00bb description=\u00a0\u00bbfalse\u00a0\u00bb]<\/p>\n\n\t\t<\/div>\n\t<\/div>\n<\/div><\/div><\/div><div class=\"wpb_column vc_column_container vc_col-sm-3\"><div class=\"vc_column-inner\"><div class=\"wpb_wrapper\"><div class=\"vc_empty_space\"   style=\"height: 600px\"><span class=\"vc_empty_space_inner\"><\/span><\/div><\/div><\/div><\/div><div class=\"wpb_column vc_column_container vc_col-sm-3\"><div class=\"vc_column-inner\"><div class=\"wpb_wrapper\"><\/div><\/div><\/div><\/div><div class=\"vc_row-full-width vc_clearfix\"><\/div>\n","protected":false},"excerpt":{"rendered":"Bienvenue \u00e0 ce Mini Quizz au sujet de la R\u00e9sonanceUtilisez les menus d\u00e9roulants pour r\u00e9pondre aux 5 affirmations suivantes [wpforms","protected":false},"author":3,"featured_media":9648,"parent":0,"menu_order":0,"comment_status":"closed","ping_status":"closed","template":"page-FullWidth.php","meta":{"footnotes":""},"class_list":["post-8449","page","type-page","status-publish","has-post-thumbnail","hentry"],"yoast_head":"<!-- This site is optimized with the Yoast SEO plugin v27.4 - https:\/\/yoast.com\/product\/yoast-seo-wordpress\/ -->\n<title>Mini Quizz au sujet de la R\u00e9sonance en 5 questions<\/title>\n<meta name=\"description\" content=\"5 questions cl\u00e9s avec validation des r\u00e9ponses. Faites de la r\u00e9sonance un atout cl\u00e9 de recontres d&#039;excellence au b\u00e9n\u00e9fice de vos clients.\" \/>\n<meta name=\"robots\" content=\"index, follow, max-snippet:-1, max-image-preview:large, max-video-preview:-1\" \/>\n<link rel=\"canonical\" href=\"http:\/\/gocoaching.ca\/en\/miniquizz-resonance\/\" \/>\n<meta property=\"og:locale\" content=\"en_US\" \/>\n<meta property=\"og:type\" content=\"article\" \/>\n<meta property=\"og:title\" content=\"Mini Quizz au sujet de la R\u00e9sonance en 5 questions\" \/>\n<meta property=\"og:description\" content=\"5 questions cl\u00e9s avec validation des r\u00e9ponses. Faites de la r\u00e9sonance un atout cl\u00e9 de recontres d&#039;excellence au b\u00e9n\u00e9fice de vos clients.\" \/>\n<meta property=\"og:url\" content=\"http:\/\/gocoaching.ca\/en\/miniquizz-resonance\/\" \/>\n<meta property=\"og:site_name\" content=\"GO COACHING\" \/>\n<meta property=\"article:publisher\" content=\"https:\/\/www.facebook.com\/pages\/Olivier-Gu%c3%a9rin-coach-conf%c3%a9rencier-auteur\/1597565597123876?ref=hl\" \/>\n<meta property=\"article:modified_time\" content=\"2019-11-01T19:14:54+00:00\" \/>\n<meta property=\"og:image\" content=\"https:\/\/gocoaching.ca\/wp-content\/uploads\/2019\/10\/MiniQuizzR\u00e9sonance2.jpg\" \/>\n\t<meta property=\"og:image:width\" content=\"1200\" \/>\n\t<meta property=\"og:image:height\" content=\"628\" \/>\n\t<meta property=\"og:image:type\" content=\"image\/jpeg\" \/>\n<meta name=\"twitter:label1\" content=\"Est. reading time\" \/>\n\t<meta name=\"twitter:data1\" content=\"1 minute\" \/>\n<script type=\"application\/ld+json\" class=\"yoast-schema-graph\">{\"@context\":\"https:\\\/\\\/schema.org\",\"@graph\":[{\"@type\":\"WebPage\",\"@id\":\"http:\\\/\\\/gocoaching.ca\\\/en\\\/miniquizz-resonance\\\/\",\"url\":\"http:\\\/\\\/gocoaching.ca\\\/en\\\/miniquizz-resonance\\\/\",\"name\":\"Mini Quizz au sujet de la R\u00e9sonance en 5 questions\",\"isPartOf\":{\"@id\":\"https:\\\/\\\/gocoaching.ca\\\/#website\"},\"primaryImageOfPage\":{\"@id\":\"http:\\\/\\\/gocoaching.ca\\\/en\\\/miniquizz-resonance\\\/#primaryimage\"},\"image\":{\"@id\":\"http:\\\/\\\/gocoaching.ca\\\/en\\\/miniquizz-resonance\\\/#primaryimage\"},\"thumbnailUrl\":\"https:\\\/\\\/gocoaching.ca\\\/wp-content\\\/uploads\\\/2019\\\/10\\\/MiniQuizzR\u00e9sonance2.jpg\",\"datePublished\":\"2019-08-06T14:27:05+00:00\",\"dateModified\":\"2019-11-01T19:14:54+00:00\",\"description\":\"5 questions cl\u00e9s avec validation des r\u00e9ponses. Faites de la r\u00e9sonance un atout cl\u00e9 de recontres d'excellence au b\u00e9n\u00e9fice de vos clients.\",\"breadcrumb\":{\"@id\":\"http:\\\/\\\/gocoaching.ca\\\/en\\\/miniquizz-resonance\\\/#breadcrumb\"},\"inLanguage\":\"en-US\",\"potentialAction\":[{\"@type\":\"ReadAction\",\"target\":[\"http:\\\/\\\/gocoaching.ca\\\/en\\\/miniquizz-resonance\\\/\"]}]},{\"@type\":\"ImageObject\",\"inLanguage\":\"en-US\",\"@id\":\"http:\\\/\\\/gocoaching.ca\\\/en\\\/miniquizz-resonance\\\/#primaryimage\",\"url\":\"https:\\\/\\\/gocoaching.ca\\\/wp-content\\\/uploads\\\/2019\\\/10\\\/MiniQuizzR\u00e9sonance2.jpg\",\"contentUrl\":\"https:\\\/\\\/gocoaching.ca\\\/wp-content\\\/uploads\\\/2019\\\/10\\\/MiniQuizzR\u00e9sonance2.jpg\",\"width\":1200,\"height\":628,\"caption\":\"GO COACHING Mini Quizz R\u00e9sonance\"},{\"@type\":\"BreadcrumbList\",\"@id\":\"http:\\\/\\\/gocoaching.ca\\\/en\\\/miniquizz-resonance\\\/#breadcrumb\",\"itemListElement\":[{\"@type\":\"ListItem\",\"position\":1,\"name\":\"Accueil\",\"item\":\"https:\\\/\\\/gocoaching.ca\\\/\"},{\"@type\":\"ListItem\",\"position\":2,\"name\":\"Miniquizz r\u00e9sonance\"}]},{\"@type\":\"WebSite\",\"@id\":\"https:\\\/\\\/gocoaching.ca\\\/#website\",\"url\":\"https:\\\/\\\/gocoaching.ca\\\/\",\"name\":\"Olivier Gu\u00e9rin Coaching\",\"description\":\"\",\"publisher\":{\"@id\":\"https:\\\/\\\/gocoaching.ca\\\/#organization\"},\"potentialAction\":[{\"@type\":\"SearchAction\",\"target\":{\"@type\":\"EntryPoint\",\"urlTemplate\":\"https:\\\/\\\/gocoaching.ca\\\/?s={search_term_string}\"},\"query-input\":{\"@type\":\"PropertyValueSpecification\",\"valueRequired\":true,\"valueName\":\"search_term_string\"}}],\"inLanguage\":\"en-US\"},{\"@type\":\"Organization\",\"@id\":\"https:\\\/\\\/gocoaching.ca\\\/#organization\",\"name\":\"Olivier Gu\u00e9rin Coaching\",\"url\":\"https:\\\/\\\/gocoaching.ca\\\/\",\"logo\":{\"@type\":\"ImageObject\",\"inLanguage\":\"en-US\",\"@id\":\"https:\\\/\\\/gocoaching.ca\\\/#\\\/schema\\\/logo\\\/image\\\/\",\"url\":\"https:\\\/\\\/gocoaching.ca\\\/wp-content\\\/uploads\\\/2019\\\/08\\\/OGC-Logo4.gif\",\"contentUrl\":\"https:\\\/\\\/gocoaching.ca\\\/wp-content\\\/uploads\\\/2019\\\/08\\\/OGC-Logo4.gif\",\"width\":540,\"height\":180,\"caption\":\"Olivier Gu\u00e9rin Coaching\"},\"image\":{\"@id\":\"https:\\\/\\\/gocoaching.ca\\\/#\\\/schema\\\/logo\\\/image\\\/\"},\"sameAs\":[\"https:\\\/\\\/www.facebook.com\\\/pages\\\/Olivier-Gu\u00e9rin-coach-conf\u00e9rencier-auteur\\\/1597565597123876?ref=hl\",\"https:\\\/\\\/x.com\\\/VifOrange\",\"https:\\\/\\\/www.linkedin.com\\\/profile\\\/view?id=15036118&amp;amp;amp;trk=nav_responsive_tab_profile\",\"https:\\\/\\\/www.youtube.com\\\/channel\\\/UCJpshVSibk6eNTjcp_7xcsQ\"]}]}<\/script>\n<!-- \/ Yoast SEO plugin. -->","yoast_head_json":{"title":"Mini Quizz au sujet de la R\u00e9sonance en 5 questions","description":"5 questions cl\u00e9s avec validation des r\u00e9ponses. Faites de la r\u00e9sonance un atout cl\u00e9 de recontres d'excellence au b\u00e9n\u00e9fice de vos clients.","robots":{"index":"index","follow":"follow","max-snippet":"max-snippet:-1","max-image-preview":"max-image-preview:large","max-video-preview":"max-video-preview:-1"},"canonical":"http:\/\/gocoaching.ca\/en\/miniquizz-resonance\/","og_locale":"en_US","og_type":"article","og_title":"Mini Quizz au sujet de la R\u00e9sonance en 5 questions","og_description":"5 questions cl\u00e9s avec validation des r\u00e9ponses. Faites de la r\u00e9sonance un atout cl\u00e9 de recontres d'excellence au b\u00e9n\u00e9fice de vos clients.","og_url":"http:\/\/gocoaching.ca\/en\/miniquizz-resonance\/","og_site_name":"GO COACHING","article_publisher":"https:\/\/www.facebook.com\/pages\/Olivier-Gu%c3%a9rin-coach-conf%c3%a9rencier-auteur\/1597565597123876?ref=hl","article_modified_time":"2019-11-01T19:14:54+00:00","og_image":[{"width":1200,"height":628,"url":"https:\/\/gocoaching.ca\/wp-content\/uploads\/2019\/10\/MiniQuizzR\u00e9sonance2.jpg","type":"image\/jpeg"}],"twitter_misc":{"Est. reading time":"1 minute"},"schema":{"@context":"https:\/\/schema.org","@graph":[{"@type":"WebPage","@id":"http:\/\/gocoaching.ca\/en\/miniquizz-resonance\/","url":"http:\/\/gocoaching.ca\/en\/miniquizz-resonance\/","name":"Mini Quizz au sujet de la R\u00e9sonance en 5 questions","isPartOf":{"@id":"https:\/\/gocoaching.ca\/#website"},"primaryImageOfPage":{"@id":"http:\/\/gocoaching.ca\/en\/miniquizz-resonance\/#primaryimage"},"image":{"@id":"http:\/\/gocoaching.ca\/en\/miniquizz-resonance\/#primaryimage"},"thumbnailUrl":"https:\/\/gocoaching.ca\/wp-content\/uploads\/2019\/10\/MiniQuizzR\u00e9sonance2.jpg","datePublished":"2019-08-06T14:27:05+00:00","dateModified":"2019-11-01T19:14:54+00:00","description":"5 questions cl\u00e9s avec validation des r\u00e9ponses. Faites de la r\u00e9sonance un atout cl\u00e9 de recontres d'excellence au b\u00e9n\u00e9fice de vos clients.","breadcrumb":{"@id":"http:\/\/gocoaching.ca\/en\/miniquizz-resonance\/#breadcrumb"},"inLanguage":"en-US","potentialAction":[{"@type":"ReadAction","target":["http:\/\/gocoaching.ca\/en\/miniquizz-resonance\/"]}]},{"@type":"ImageObject","inLanguage":"en-US","@id":"http:\/\/gocoaching.ca\/en\/miniquizz-resonance\/#primaryimage","url":"https:\/\/gocoaching.ca\/wp-content\/uploads\/2019\/10\/MiniQuizzR\u00e9sonance2.jpg","contentUrl":"https:\/\/gocoaching.ca\/wp-content\/uploads\/2019\/10\/MiniQuizzR\u00e9sonance2.jpg","width":1200,"height":628,"caption":"GO COACHING Mini Quizz R\u00e9sonance"},{"@type":"BreadcrumbList","@id":"http:\/\/gocoaching.ca\/en\/miniquizz-resonance\/#breadcrumb","itemListElement":[{"@type":"ListItem","position":1,"name":"Accueil","item":"https:\/\/gocoaching.ca\/"},{"@type":"ListItem","position":2,"name":"Miniquizz r\u00e9sonance"}]},{"@type":"WebSite","@id":"https:\/\/gocoaching.ca\/#website","url":"https:\/\/gocoaching.ca\/","name":"Olivier Gu\u00e9rin Coaching","description":"","publisher":{"@id":"https:\/\/gocoaching.ca\/#organization"},"potentialAction":[{"@type":"SearchAction","target":{"@type":"EntryPoint","urlTemplate":"https:\/\/gocoaching.ca\/?s={search_term_string}"},"query-input":{"@type":"PropertyValueSpecification","valueRequired":true,"valueName":"search_term_string"}}],"inLanguage":"en-US"},{"@type":"Organization","@id":"https:\/\/gocoaching.ca\/#organization","name":"Olivier Gu\u00e9rin Coaching","url":"https:\/\/gocoaching.ca\/","logo":{"@type":"ImageObject","inLanguage":"en-US","@id":"https:\/\/gocoaching.ca\/#\/schema\/logo\/image\/","url":"https:\/\/gocoaching.ca\/wp-content\/uploads\/2019\/08\/OGC-Logo4.gif","contentUrl":"https:\/\/gocoaching.ca\/wp-content\/uploads\/2019\/08\/OGC-Logo4.gif","width":540,"height":180,"caption":"Olivier Gu\u00e9rin Coaching"},"image":{"@id":"https:\/\/gocoaching.ca\/#\/schema\/logo\/image\/"},"sameAs":["https:\/\/www.facebook.com\/pages\/Olivier-Gu\u00e9rin-coach-conf\u00e9rencier-auteur\/1597565597123876?ref=hl","https:\/\/x.com\/VifOrange","https:\/\/www.linkedin.com\/profile\/view?id=15036118&amp;amp;amp;trk=nav_responsive_tab_profile","https:\/\/www.youtube.com\/channel\/UCJpshVSibk6eNTjcp_7xcsQ"]}]}},"jetpack_sharing_enabled":true,"_links":{"self":[{"href":"https:\/\/gocoaching.ca\/en\/wp-json\/wp\/v2\/pages\/8449","targetHints":{"allow":["GET"]}}],"collection":[{"href":"https:\/\/gocoaching.ca\/en\/wp-json\/wp\/v2\/pages"}],"about":[{"href":"https:\/\/gocoaching.ca\/en\/wp-json\/wp\/v2\/types\/page"}],"author":[{"embeddable":true,"href":"https:\/\/gocoaching.ca\/en\/wp-json\/wp\/v2\/users\/3"}],"replies":[{"embeddable":true,"href":"https:\/\/gocoaching.ca\/en\/wp-json\/wp\/v2\/comments?post=8449"}],"version-history":[{"count":1,"href":"https:\/\/gocoaching.ca\/en\/wp-json\/wp\/v2\/pages\/8449\/revisions"}],"predecessor-version":[{"id":9645,"href":"https:\/\/gocoaching.ca\/en\/wp-json\/wp\/v2\/pages\/8449\/revisions\/9645"}],"wp:featuredmedia":[{"embeddable":true,"href":"https:\/\/gocoaching.ca\/en\/wp-json\/wp\/v2\/media\/9648"}],"wp:attachment":[{"href":"https:\/\/gocoaching.ca\/en\/wp-json\/wp\/v2\/media?parent=8449"}],"curies":[{"name":"wp","href":"https:\/\/api.w.org\/{rel}","templated":true}]}}