{"id":8493,"date":"2019-08-07T00:05:26","date_gmt":"2019-08-07T04:05:26","guid":{"rendered":"https:\/\/gocoaching.ca\/?page_id=8493"},"modified":"2021-12-17T20:06:20","modified_gmt":"2021-12-18T01:06:20","slug":"formation-resonance","status":"publish","type":"page","link":"https:\/\/gocoaching.ca\/en\/formation-resonance\/","title":{"rendered":"Formation r\u00e9sonance"},"content":{"rendered":"<div class=\"vc_row wpb_row vc_row-fluid vc_custom_1639785688375 vc_row-has-fill\"><div class=\"wpb_column vc_column_container vc_col-sm-12\"><div class=\"vc_column-inner\"><div class=\"wpb_wrapper\"><h2 style=\"font-size: 56px;color: #ffffff;text-align: left;font-family:Roboto;font-weight:300;font-style:normal\" class=\"vc_custom_heading\" >Training \"Resonance, a powerful asset in coaching!\"<\/h2><\/div><\/div><\/div><\/div><div class=\"vc_row wpb_row vc_row-fluid vc_custom_1639785805487\"><div class=\"wpb_column vc_column_container vc_col-sm-12\"><div class=\"vc_column-inner\"><div class=\"wpb_wrapper\">\n\t<div class=\"wpb_text_column wpb_content_element\" >\n\t\t<div class=\"wpb_wrapper\">\n\t\t\t<p><span style=\"font-size: 36pt;\">Pour apporter aux coachs une habilet\u00e9 essentielle \u00e0 la pratique de coaching<\/span><\/p>\n\n\t\t<\/div>\n\t<\/div>\n<\/div><\/div><\/div><\/div><div class=\"vc_row wpb_row vc_row-fluid vc_custom_1565161229413\"><div class=\"wpb_column vc_column_container vc_col-sm-3\"><div class=\"vc_column-inner\"><div class=\"wpb_wrapper\">\n\t<div  class=\"wpb_single_image wpb_content_element vc_align_left\">\n\t\t\n\t\t<figure class=\"wpb_wrapper vc_figure\">\n\t\t\t<div class=\"vc_single_image-wrapper   vc_box_border_grey\"><img loading=\"lazy\" decoding=\"async\" width=\"576\" height=\"720\" src=\"https:\/\/gocoaching.ca\/wp-content\/uploads\/2019\/01\/Olivier-Gu\u00e9rin-2.jpg\" class=\"vc_single_image-img attachment-full\" alt=\"\" srcset=\"https:\/\/gocoaching.ca\/wp-content\/uploads\/2019\/01\/Olivier-Gu\u00e9rin-2.jpg 576w, https:\/\/gocoaching.ca\/wp-content\/uploads\/2019\/01\/Olivier-Gu\u00e9rin-2-400x500.jpg 400w\" sizes=\"auto, (max-width: 576px) 100vw, 576px\" \/><\/div>\n\t\t<\/figure>\n\t<\/div>\n<\/div><\/div><\/div><div class=\"wpb_column vc_column_container vc_col-sm-6\"><div class=\"vc_column-inner\"><div class=\"wpb_wrapper\">\n\t<div class=\"wpb_text_column wpb_content_element\" >\n\t\t<div class=\"wpb_wrapper\">\n\t\t\t<p style=\"text-align: left;\"><span style=\"font-size: 24pt;\">Better understand and manage resonance<\/span><br \/>\n<span style=\"font-size: 24pt;\">to turn it into a powerful intervention asset<\/span><\/p>\n\n\t\t<\/div>\n\t<\/div>\n\n\t<div class=\"wpb_text_column wpb_content_element\" >\n\t\t<div class=\"wpb_wrapper\">\n\t\t\t<p style=\"text-align: left;\"><strong><span style=\"font-size: 14pt;\">In a client meeting, resonance can prove to be both promising and very limiting for the coach.<\/span><\/strong><\/p>\n<p><span style=\"font-size: 14pt;\">Creating a good relationship and knowing the process well are essential foundations for supporting clients. <\/span><\/p>\n<p><span style=\"font-size: 14pt;\">But to do so without knowing the 4 forms of Resonance, nor integrating strategies to make it evolve towards its Effective form, amounts to leaving a large part of the unknown at the level of relational dynamics, in which we can be carried away, only to find ourselves lost or confused, to the detriment of effective and supportive coaching with clients.\u00a0<\/span><\/p>\n<p><span style=\"font-size: 14pt;\">As a professional in the helping relationship, it is our responsibility to have a certain knowledge and mastery of it, in order to offer a quality service recognized by the clients who come to consult us.<\/span><\/p>\n<p><strong><span style=\"font-size: 14pt;\">Pour se pr\u00e9munir des effets perturbants de la r\u00e9sonance et arriver \u00e0 g\u00e9n\u00e9rer\/renouveler sa forme Efficace, cette formation apporte un cadre de r\u00e9f\u00e9rence clair et pratique, <\/span><\/strong><span style=\"font-size: 14pt;\">avec des outils concrets et des strat\u00e9gies d&rsquo;excellence<\/span><span style=\"font-size: 14pt;\">.\u00a0<\/span><\/p>\n\n\t\t<\/div>\n\t<\/div>\n<\/div><\/div><\/div><div class=\"wpb_column vc_column_container vc_col-sm-3\"><div class=\"vc_column-inner\"><div class=\"wpb_wrapper\"><\/div><\/div><\/div><\/div><div class=\"vc_row wpb_row vc_row-fluid vc_custom_1639785688375 vc_row-has-fill\"><div class=\"wpb_column vc_column_container vc_col-sm-12\"><div class=\"vc_column-inner\"><div class=\"wpb_wrapper\"><h2 style=\"font-size: 56px;color: #ffffff;text-align: left;font-family:Roboto;font-weight:300;font-style:normal\" class=\"vc_custom_heading\" >B\u00e9n\u00e9fices de la formation<\/h2><\/div><\/div><\/div><\/div><div class=\"vc_row wpb_row vc_row-fluid wpb_animate_when_almost_visible wpb_fadeIn fadeIn vc_custom_1565203754380\"><div class=\"wpb_column vc_column_container vc_col-sm-3\"><div class=\"vc_column-inner\"><div class=\"wpb_wrapper\"><div class=\"vc_icon_element vc_icon_element-outer vc_icon_element-align-center vc_icon_element-have-style\"><div class=\"vc_icon_element-inner vc_icon_element-color-mulled_wine vc_icon_element-have-style-inner vc_icon_element-size-xl vc_icon_element-style-rounded-outline vc_icon_element-outline vc_icon_element-background-color-custom\"  style=\"border-color:#ff4500\"><span class=\"vc_icon_element-icon entypo-icon entypo-icon-user-add\" ><\/span><\/div><\/div><\/div><\/div><\/div><div class=\"wpb_column vc_column_container vc_col-sm-6\"><div class=\"vc_column-inner\"><div class=\"wpb_wrapper\">\n\t<div class=\"wpb_text_column wpb_content_element\" >\n\t\t<div class=\"wpb_wrapper\">\n\t\t\t<p><span style=\"font-size: 18pt;\"><strong>Pour le centre de formation<\/strong><\/span><\/p>\n<ul>\n<li><span style=\"font-size: 18pt;\">Engager un professionnel \u00e9thique et p\u00e9dagogique<\/span><\/li>\n<li><span style=\"font-size: 18pt;\">Faire appel \u00e0 un expert en mati\u00e8re de R\u00e9sonance<\/span><\/li>\n<li><span style=\"font-size: 18pt;\">S&rsquo;assurer d&rsquo;un service de qualit\u00e9 reconnu par les participants<\/span>\n<ul>\n<li><span style=\"font-size: 14pt;\">Exp\u00e9rience de formation dans plusieurs centres (CQPNL, Humanitum, Mobius Coaching)<\/span><\/li>\n<\/ul>\n<\/li>\n<\/ul>\n<p>&nbsp;<\/p>\n<p><span style=\"font-size: 18pt;\"><strong>Pour les participants<\/strong><\/span><\/p>\n<ul>\n<li><span style=\"font-size: 18pt;\">Knowing how to identify the 4 forms of Resonance<\/span>\n<ul>\n<li><span style=\"font-size: 14pt;\">Limitante, Amicale, Technique et Efficace<\/span><\/li>\n<\/ul>\n<\/li>\n<li><span style=\"font-size: 18pt;\">Utiliser la Matrice de R\u00e9sonance comme cadre de r\u00e9f\u00e9rence<\/span><\/li>\n<li><span style=\"font-size: 18pt;\">Rester davantage en ressource et ma\u00eetre du processus<\/span><\/li>\n<li><span style=\"font-size: 18pt;\">Intervening in a more relevant way<\/span><\/li>\n<li><span style=\"font-size: 18pt;\">Avoir du fun pendant la formation !<\/span><\/li>\n<\/ul>\n\n\t\t<\/div>\n\t<\/div>\n<\/div><\/div><\/div><div class=\"wpb_column vc_column_container vc_col-sm-3\"><div class=\"vc_column-inner\"><div class=\"wpb_wrapper\">\n\t<div  class=\"wpb_single_image wpb_content_element vc_align_center\">\n\t\t\n\t\t<figure class=\"wpb_wrapper vc_figure\">\n\t\t\t<div class=\"vc_single_image-wrapper vc_box_border  vc_box_border_grey\"><img loading=\"lazy\" decoding=\"async\" class=\"vc_single_image-img\" src=\"https:\/\/gocoaching.ca\/wp-content\/uploads\/2019\/08\/C1-La-resonance-08-300x500.jpg\" width=\"300\" height=\"500\" alt=\"La r\u00e9sonance\" title=\"C1- La resonance-08\" \/><\/div>\n\t\t<\/figure>\n\t<\/div>\n<\/div><\/div><\/div><\/div><div class=\"vc_row wpb_row vc_row-fluid vc_custom_1639785688375 vc_row-has-fill\"><div class=\"wpb_column vc_column_container vc_col-sm-12\"><div class=\"vc_column-inner\"><div class=\"wpb_wrapper\"><h2 style=\"font-size: 56px;color: #ffffff;text-align: left;font-family:Roboto;font-weight:300;font-style:normal\" class=\"vc_custom_heading\" >Contenu de la formation<\/h2><\/div><\/div><\/div><\/div><div class=\"vc_row wpb_row vc_row-fluid wpb_animate_when_almost_visible wpb_fadeIn fadeIn vc_custom_1565203794816\"><div class=\"wpb_column vc_column_container vc_col-sm-3\"><div class=\"vc_column-inner\"><div class=\"wpb_wrapper\"><div class=\"vc_icon_element vc_icon_element-outer vc_icon_element-align-center vc_icon_element-have-style\"><div class=\"vc_icon_element-inner vc_icon_element-color-mulled_wine vc_icon_element-have-style-inner vc_icon_element-size-lg vc_icon_element-style-rounded-outline vc_icon_element-outline vc_icon_element-background-color-custom\"  style=\"border-color:#ff4500\"><span class=\"vc_icon_element-icon fa fa-briefcase\" ><\/span><\/div><\/div><h2 style=\"font-size: 30px;text-align: center;font-family:Roboto;font-weight:300;font-style:normal\" class=\"vc_custom_heading\" >Content<\/h2><\/div><\/div><\/div><div class=\"wpb_column vc_column_container vc_col-sm-6\"><div class=\"vc_column-inner\"><div class=\"wpb_wrapper\">\n\t<div class=\"wpb_text_column wpb_content_element\" >\n\t\t<div class=\"wpb_wrapper\">\n\t\t\t<p><span style=\"font-size: 18pt;\"><strong>Ax\u00e9e sur une int\u00e9gration rapide pour application imm\u00e9diate, la formation <\/strong>comprend :<\/span><\/p>\n<p><strong><span style=\"font-size: 18pt;\">du contenu th\u00e9orique concret<\/span><\/strong><\/p>\n<ul>\n<li><span style=\"font-size: 14pt;\">A training workbook<\/span><\/li>\n<li><span style=\"font-size: 14pt;\">The PowerPoint presentation used in training<\/span><\/li>\n<li><span style=\"font-size: 14pt;\">Des exemples de R\u00e9sonances observ\u00e9es en supervision<\/span><\/li>\n<li><span style=\"font-size: 14pt;\">La Matrice de r\u00e9sonance ; cadre de r\u00e9f\u00e9rence<\/span><\/li>\n<li><span style=\"font-size: 14pt;\">A best practice modeling guide<\/span><\/li>\n<\/ul>\n<p><strong><span style=\"font-size: 18pt;\">de la pratique<\/span><\/strong><\/p>\n<ul>\n<li><span style=\"font-size: 14pt;\">Several role-plays in the following modes: coach - client - observer\/s<\/span><\/li>\n<\/ul>\n<p><span style=\"font-size: 14pt;\"><strong><span style=\"font-size: 18pt;\">des espaces de feedbacks<\/span> <\/strong><\/span><\/p>\n<ul>\n<li><span style=\"font-size: 14pt;\">Enrichis par des partages d&rsquo;exp\u00e9rience<\/span><\/li>\n<\/ul>\n<p>&nbsp;<\/p>\n<p><span style=\"font-size: 14pt;\">\u00c0 noter que le contenu peut \u00eatre adapt\u00e9 au programme du centre de formation<\/span><span style=\"font-size: 18.6667px;\">\u00a0<\/span><span style=\"font-size: 14pt;\">pour davantage de pertinence et de coh\u00e9sion d&rsquo;apprentissages.<\/span><\/p>\n\n\t\t<\/div>\n\t<\/div>\n<\/div><\/div><\/div><div class=\"wpb_column vc_column_container vc_col-sm-3\"><div class=\"vc_column-inner\"><div class=\"wpb_wrapper\"><\/div><\/div><\/div><\/div><div class=\"vc_row wpb_row vc_row-fluid vc_custom_1639785688375 vc_row-has-fill\"><div class=\"wpb_column vc_column_container vc_col-sm-12\"><div class=\"vc_column-inner\"><div class=\"wpb_wrapper\"><h2 style=\"font-size: 56px;color: #ffffff;text-align: left;font-family:Roboto;font-weight:300;font-style:normal\" class=\"vc_custom_heading\" >Logistique et Tarification<\/h2><\/div><\/div><\/div><\/div><div class=\"vc_row wpb_row vc_row-fluid wpb_animate_when_almost_visible wpb_fadeIn fadeIn vc_custom_1565203815465\"><div class=\"wpb_column vc_column_container vc_col-sm-3\"><div class=\"vc_column-inner\"><div class=\"wpb_wrapper\"><div class=\"vc_icon_element vc_icon_element-outer vc_icon_element-align-center vc_icon_element-have-style\"><div class=\"vc_icon_element-inner vc_icon_element-color-mulled_wine vc_icon_element-have-style-inner vc_icon_element-size-xl vc_icon_element-style-rounded-outline vc_icon_element-outline vc_icon_element-background-color-custom\"  style=\"border-color:#ff4500\"><span class=\"vc_icon_element-icon vc-material vc-material-schedule\" ><\/span><\/div><\/div><\/div><\/div><\/div><div class=\"wpb_column vc_column_container vc_col-sm-6\"><div class=\"vc_column-inner\"><div class=\"wpb_wrapper\">\n\t<div class=\"wpb_text_column wpb_content_element\" >\n\t\t<div class=\"wpb_wrapper\">\n\t\t\t<p><span style=\"font-size: 18pt;\"><strong>La formation se d\u00e9roule sur 1 ou 2 p\u00e9riodes de 3 heures par Zoom<\/strong><\/span><\/p>\n<ul>\n<li><span style=\"font-size: 18pt;\">au choix du responsable du centre de formation<\/span><\/li>\n<\/ul>\n<p>&nbsp;<\/p>\n<p><span style=\"font-size: 18pt;\"><strong>La tarification forfaitaire de l&rsquo;ensemble du service<\/strong> inclut :<\/span><\/p>\n<ul>\n<li><span style=\"font-size: 18pt;\">une rencontre pr\u00e9liminaire avec le responsable du centre \/ de la formation<\/span><\/li>\n<li><span style=\"font-size: 18pt;\">l&rsquo;ajustement et alignement du contenu p\u00e9dagogique de la formation<\/span><\/li>\n<li><span style=\"font-size: 18pt;\">l&rsquo;animation de la formation en ligne<\/span><\/li>\n<li><span style=\"font-size: 18pt;\">les mat\u00e9riels p\u00e9dagogiques pr\u00e9sent\u00e9s et t\u00e9l\u00e9chargeables<\/span><\/li>\n<li><span style=\"font-size: 18pt;\">une rencontre de d\u00e9briefing pour s&rsquo;assurer d&rsquo;une bonne qualit\u00e9 et satisfaction<\/span><\/li>\n<\/ul>\n\n\t\t<\/div>\n\t<\/div>\n<\/div><\/div><\/div><div class=\"wpb_column vc_column_container vc_col-sm-3\"><div class=\"vc_column-inner\"><div class=\"wpb_wrapper\"><\/div><\/div><\/div><\/div><div class=\"vc_row wpb_row vc_row-fluid wpb_animate_when_almost_visible wpb_fadeIn fadeIn vc_custom_1565203856388\"><div class=\"wpb_column vc_column_container vc_col-sm-3\"><div class=\"vc_column-inner\"><div class=\"wpb_wrapper\"><\/div><\/div><\/div><div class=\"wpb_column vc_column_container vc_col-sm-6\"><div class=\"vc_column-inner\"><div class=\"wpb_wrapper\">\n\t<div class=\"wpb_text_column wpb_content_element\" >\n\t\t<div class=\"wpb_wrapper\">\n\t\t\t<p><span style=\"font-size: 18pt;\">Pour toute question compl\u00e9mentaires ou solliciter nos services,<br \/>\nveuillez utiliser le formulaire de contact.<\/span><\/p>\n\n\t\t<\/div>\n\t<\/div>\n<div class=\"vc_btn3-container vc_btn3-center\" ><a class=\"vc_general vc_btn3 vc_btn3-size-md vc_btn3-shape-rounded vc_btn3-style-modern vc_btn3-block vc_btn3-icon-right vc_btn3-color-primary\" href=\"https:\/\/gocoaching.ca\/en\/demande-resonance\/\" title=\"Training Resonance\">Formulaire de contact <i class=\"vc_btn3-icon fas fa-angle-double-right\"><\/i><\/a><\/div><div class=\"vc_btn3-container vc_btn3-center vc_custom_1596120542395\" ><a class=\"vc_general vc_btn3 vc_btn3-size-md vc_btn3-shape-rounded vc_btn3-style-modern vc_btn3-block vc_btn3-icon-right vc_btn3-color-primary\" href=\"https:\/\/gocoaching.ca\/en\/demande-resonance-usversion\/\" title=\"Training Resonance\">Contact form for international request <i class=\"vc_btn3-icon fas fa-angle-double-right\"><\/i><\/a><\/div><\/div><\/div><\/div><div class=\"wpb_column vc_column_container vc_col-sm-3\"><div class=\"vc_column-inner\"><div class=\"wpb_wrapper\"><\/div><\/div><\/div><\/div><div class=\"vc_row wpb_row vc_row-fluid\"><div class=\"wpb_column vc_column_container vc_col-sm-4\"><div class=\"vc_column-inner\"><div class=\"wpb_wrapper\"><div class=\"vc_btn3-container vc_btn3-right vc_custom_1565271649227\" ><a class=\"vc_general vc_btn3 vc_btn3-size-md vc_btn3-shape-round vc_btn3-style-modern vc_btn3-icon-right vc_btn3-color-inverse\" href=\"https:\/\/gocoaching.ca\/en\/coaching-resonance\/\" title=\"Training Resonance\">Resonance Coaching <i class=\"vc_btn3-icon fa fa-chevron-circle-right\"><\/i><\/a><\/div><\/div><\/div><\/div><div class=\"wpb_column vc_column_container vc_col-sm-4\"><div class=\"vc_column-inner\"><div class=\"wpb_wrapper\"><\/div><\/div><\/div><div class=\"wpb_column vc_column_container vc_col-sm-4\"><div class=\"vc_column-inner\"><div class=\"wpb_wrapper\"><div class=\"vc_btn3-container vc_btn3-left vc_custom_1639786408686\" ><a class=\"vc_general vc_btn3 vc_btn3-size-md vc_btn3-shape-round vc_btn3-style-modern vc_btn3-icon-right vc_btn3-color-inverse\" href=\"https:\/\/gocoaching.ca\/en\/masterclass-resonance\/\" title=\"Training Resonance\">Mastering the Resonance <i class=\"vc_btn3-icon\"><\/i><\/a><\/div><\/div><\/div><\/div><\/div>","protected":false},"excerpt":{"rendered":"Formation \"La r\u00e9sonance, un atout puissant en coaching !\" Pour apporter aux coachs une habilet\u00e9 essentielle \u00e0 la pratique de","protected":false},"author":3,"featured_media":0,"parent":0,"menu_order":0,"comment_status":"closed","ping_status":"closed","template":"page-FullWidth.php","meta":{"footnotes":""},"class_list":["post-8493","page","type-page","status-publish","hentry"],"yoast_head":"<!-- This site is optimized with the Yoast SEO plugin v27.4 - https:\/\/yoast.com\/product\/yoast-seo-wordpress\/ -->\n<title>Formation &quot;La r\u00e9sonance, un atout puissant en coaching&quot;<\/title>\n<meta name=\"description\" content=\"Pour mieux comprendre et g\u00e9rer les enjeux de la r\u00e9sonance, omnipr\u00e9sente lors de toute rencontre de coaching. Pour des coaching plus porteurs et efficaces !\" \/>\n<meta name=\"robots\" content=\"index, follow, max-snippet:-1, max-image-preview:large, max-video-preview:-1\" \/>\n<link rel=\"canonical\" href=\"https:\/\/gocoaching.ca\/en\/formation-resonance\/\" \/>\n<meta property=\"og:locale\" content=\"en_US\" \/>\n<meta property=\"og:type\" content=\"article\" \/>\n<meta property=\"og:title\" content=\"Formation &quot;La r\u00e9sonance, un atout puissant en coaching&quot;\" \/>\n<meta property=\"og:description\" content=\"Pour mieux comprendre et g\u00e9rer les enjeux de la r\u00e9sonance, omnipr\u00e9sente lors de toute rencontre de coaching. Pour des coaching plus porteurs et efficaces !\" \/>\n<meta property=\"og:url\" content=\"https:\/\/gocoaching.ca\/en\/formation-resonance\/\" \/>\n<meta property=\"og:site_name\" content=\"GO COACHING\" \/>\n<meta property=\"article:publisher\" content=\"https:\/\/www.facebook.com\/pages\/Olivier-Gu%c3%a9rin-coach-conf%c3%a9rencier-auteur\/1597565597123876?ref=hl\" \/>\n<meta property=\"article:modified_time\" content=\"2021-12-18T01:06:20+00:00\" \/>\n<meta name=\"twitter:label1\" content=\"Est. reading time\" \/>\n\t<meta name=\"twitter:data1\" content=\"6 minutes\" \/>\n<script type=\"application\/ld+json\" class=\"yoast-schema-graph\">{\"@context\":\"https:\\\/\\\/schema.org\",\"@graph\":[{\"@type\":\"WebPage\",\"@id\":\"https:\\\/\\\/gocoaching.ca\\\/formation-resonance\\\/\",\"url\":\"https:\\\/\\\/gocoaching.ca\\\/formation-resonance\\\/\",\"name\":\"Formation \\\"La r\u00e9sonance, un atout puissant en coaching\\\"\",\"isPartOf\":{\"@id\":\"https:\\\/\\\/gocoaching.ca\\\/#website\"},\"datePublished\":\"2019-08-07T04:05:26+00:00\",\"dateModified\":\"2021-12-18T01:06:20+00:00\",\"description\":\"Pour mieux comprendre et g\u00e9rer les enjeux de la r\u00e9sonance, omnipr\u00e9sente lors de toute rencontre de coaching. Pour des coaching plus porteurs et efficaces !\",\"breadcrumb\":{\"@id\":\"https:\\\/\\\/gocoaching.ca\\\/formation-resonance\\\/#breadcrumb\"},\"inLanguage\":\"en-US\",\"potentialAction\":[{\"@type\":\"ReadAction\",\"target\":[\"https:\\\/\\\/gocoaching.ca\\\/formation-resonance\\\/\"]}]},{\"@type\":\"BreadcrumbList\",\"@id\":\"https:\\\/\\\/gocoaching.ca\\\/formation-resonance\\\/#breadcrumb\",\"itemListElement\":[{\"@type\":\"ListItem\",\"position\":1,\"name\":\"Accueil\",\"item\":\"https:\\\/\\\/gocoaching.ca\\\/\"},{\"@type\":\"ListItem\",\"position\":2,\"name\":\"Formation r\u00e9sonance\"}]},{\"@type\":\"WebSite\",\"@id\":\"https:\\\/\\\/gocoaching.ca\\\/#website\",\"url\":\"https:\\\/\\\/gocoaching.ca\\\/\",\"name\":\"Olivier Gu\u00e9rin Coaching\",\"description\":\"\",\"publisher\":{\"@id\":\"https:\\\/\\\/gocoaching.ca\\\/#organization\"},\"potentialAction\":[{\"@type\":\"SearchAction\",\"target\":{\"@type\":\"EntryPoint\",\"urlTemplate\":\"https:\\\/\\\/gocoaching.ca\\\/?s={search_term_string}\"},\"query-input\":{\"@type\":\"PropertyValueSpecification\",\"valueRequired\":true,\"valueName\":\"search_term_string\"}}],\"inLanguage\":\"en-US\"},{\"@type\":\"Organization\",\"@id\":\"https:\\\/\\\/gocoaching.ca\\\/#organization\",\"name\":\"Olivier Gu\u00e9rin Coaching\",\"url\":\"https:\\\/\\\/gocoaching.ca\\\/\",\"logo\":{\"@type\":\"ImageObject\",\"inLanguage\":\"en-US\",\"@id\":\"https:\\\/\\\/gocoaching.ca\\\/#\\\/schema\\\/logo\\\/image\\\/\",\"url\":\"https:\\\/\\\/gocoaching.ca\\\/wp-content\\\/uploads\\\/2019\\\/08\\\/OGC-Logo4.gif\",\"contentUrl\":\"https:\\\/\\\/gocoaching.ca\\\/wp-content\\\/uploads\\\/2019\\\/08\\\/OGC-Logo4.gif\",\"width\":540,\"height\":180,\"caption\":\"Olivier Gu\u00e9rin Coaching\"},\"image\":{\"@id\":\"https:\\\/\\\/gocoaching.ca\\\/#\\\/schema\\\/logo\\\/image\\\/\"},\"sameAs\":[\"https:\\\/\\\/www.facebook.com\\\/pages\\\/Olivier-Gu\u00e9rin-coach-conf\u00e9rencier-auteur\\\/1597565597123876?ref=hl\",\"https:\\\/\\\/x.com\\\/VifOrange\",\"https:\\\/\\\/www.linkedin.com\\\/profile\\\/view?id=15036118&amp;amp;amp;trk=nav_responsive_tab_profile\",\"https:\\\/\\\/www.youtube.com\\\/channel\\\/UCJpshVSibk6eNTjcp_7xcsQ\"]}]}<\/script>\n<!-- \/ Yoast SEO plugin. -->","yoast_head_json":{"title":"Formation \"La r\u00e9sonance, un atout puissant en coaching\"","description":"Pour mieux comprendre et g\u00e9rer les enjeux de la r\u00e9sonance, omnipr\u00e9sente lors de toute rencontre de coaching. Pour des coaching plus porteurs et efficaces !","robots":{"index":"index","follow":"follow","max-snippet":"max-snippet:-1","max-image-preview":"max-image-preview:large","max-video-preview":"max-video-preview:-1"},"canonical":"https:\/\/gocoaching.ca\/en\/formation-resonance\/","og_locale":"en_US","og_type":"article","og_title":"Formation \"La r\u00e9sonance, un atout puissant en coaching\"","og_description":"Pour mieux comprendre et g\u00e9rer les enjeux de la r\u00e9sonance, omnipr\u00e9sente lors de toute rencontre de coaching. Pour des coaching plus porteurs et efficaces !","og_url":"https:\/\/gocoaching.ca\/en\/formation-resonance\/","og_site_name":"GO COACHING","article_publisher":"https:\/\/www.facebook.com\/pages\/Olivier-Gu%c3%a9rin-coach-conf%c3%a9rencier-auteur\/1597565597123876?ref=hl","article_modified_time":"2021-12-18T01:06:20+00:00","twitter_misc":{"Est. reading time":"6 minutes"},"schema":{"@context":"https:\/\/schema.org","@graph":[{"@type":"WebPage","@id":"https:\/\/gocoaching.ca\/formation-resonance\/","url":"https:\/\/gocoaching.ca\/formation-resonance\/","name":"Formation \"La r\u00e9sonance, un atout puissant en coaching\"","isPartOf":{"@id":"https:\/\/gocoaching.ca\/#website"},"datePublished":"2019-08-07T04:05:26+00:00","dateModified":"2021-12-18T01:06:20+00:00","description":"Pour mieux comprendre et g\u00e9rer les enjeux de la r\u00e9sonance, omnipr\u00e9sente lors de toute rencontre de coaching. Pour des coaching plus porteurs et efficaces !","breadcrumb":{"@id":"https:\/\/gocoaching.ca\/formation-resonance\/#breadcrumb"},"inLanguage":"en-US","potentialAction":[{"@type":"ReadAction","target":["https:\/\/gocoaching.ca\/formation-resonance\/"]}]},{"@type":"BreadcrumbList","@id":"https:\/\/gocoaching.ca\/formation-resonance\/#breadcrumb","itemListElement":[{"@type":"ListItem","position":1,"name":"Accueil","item":"https:\/\/gocoaching.ca\/"},{"@type":"ListItem","position":2,"name":"Formation r\u00e9sonance"}]},{"@type":"WebSite","@id":"https:\/\/gocoaching.ca\/#website","url":"https:\/\/gocoaching.ca\/","name":"Olivier Gu\u00e9rin Coaching","description":"","publisher":{"@id":"https:\/\/gocoaching.ca\/#organization"},"potentialAction":[{"@type":"SearchAction","target":{"@type":"EntryPoint","urlTemplate":"https:\/\/gocoaching.ca\/?s={search_term_string}"},"query-input":{"@type":"PropertyValueSpecification","valueRequired":true,"valueName":"search_term_string"}}],"inLanguage":"en-US"},{"@type":"Organization","@id":"https:\/\/gocoaching.ca\/#organization","name":"Olivier Gu\u00e9rin Coaching","url":"https:\/\/gocoaching.ca\/","logo":{"@type":"ImageObject","inLanguage":"en-US","@id":"https:\/\/gocoaching.ca\/#\/schema\/logo\/image\/","url":"https:\/\/gocoaching.ca\/wp-content\/uploads\/2019\/08\/OGC-Logo4.gif","contentUrl":"https:\/\/gocoaching.ca\/wp-content\/uploads\/2019\/08\/OGC-Logo4.gif","width":540,"height":180,"caption":"Olivier Gu\u00e9rin Coaching"},"image":{"@id":"https:\/\/gocoaching.ca\/#\/schema\/logo\/image\/"},"sameAs":["https:\/\/www.facebook.com\/pages\/Olivier-Gu\u00e9rin-coach-conf\u00e9rencier-auteur\/1597565597123876?ref=hl","https:\/\/x.com\/VifOrange","https:\/\/www.linkedin.com\/profile\/view?id=15036118&amp;amp;amp;trk=nav_responsive_tab_profile","https:\/\/www.youtube.com\/channel\/UCJpshVSibk6eNTjcp_7xcsQ"]}]}},"jetpack_sharing_enabled":true,"_links":{"self":[{"href":"https:\/\/gocoaching.ca\/en\/wp-json\/wp\/v2\/pages\/8493","targetHints":{"allow":["GET"]}}],"collection":[{"href":"https:\/\/gocoaching.ca\/en\/wp-json\/wp\/v2\/pages"}],"about":[{"href":"https:\/\/gocoaching.ca\/en\/wp-json\/wp\/v2\/types\/page"}],"author":[{"embeddable":true,"href":"https:\/\/gocoaching.ca\/en\/wp-json\/wp\/v2\/users\/3"}],"replies":[{"embeddable":true,"href":"https:\/\/gocoaching.ca\/en\/wp-json\/wp\/v2\/comments?post=8493"}],"version-history":[{"count":1,"href":"https:\/\/gocoaching.ca\/en\/wp-json\/wp\/v2\/pages\/8493\/revisions"}],"predecessor-version":[{"id":11184,"href":"https:\/\/gocoaching.ca\/en\/wp-json\/wp\/v2\/pages\/8493\/revisions\/11184"}],"wp:attachment":[{"href":"https:\/\/gocoaching.ca\/en\/wp-json\/wp\/v2\/media?parent=8493"}],"curies":[{"name":"wp","href":"https:\/\/api.w.org\/{rel}","templated":true}]}}